{"id":752,"date":"2020-06-22T14:32:11","date_gmt":"2020-06-22T12:32:11","guid":{"rendered":"http:\/\/www.sorac.fr\/?page_id=752"},"modified":"2020-10-13T16:48:26","modified_gmt":"2020-10-13T14:48:26","slug":"actualites","status":"publish","type":"page","link":"https:\/\/www.sorac.fr\/en\/actualites\/","title":{"rendered":"News"},"content":{"rendered":"<p>[vc_row css=\u00a0\u00bb.vc_custom_1592830024876{background-position: center !important;background-repeat: no-repeat !important;background-size: cover !important;}\u00a0\u00bb][vc_column width=\u00a0\u00bb1\/2&Prime;][vc_single_image image=\u00a0\u00bb754&Prime; img_size=\u00a0\u00bblarge\u00a0\u00bb][\/vc_column][vc_column width=\u00a0\u00bb1\/2&Prime;][vc_single_image image=\u00a0\u00bb809&Prime; img_size=\u00a0\u00bbfull\u00a0\u00bb alignment=\u00a0\u00bbright\u00a0\u00bb][vc_column_text css_animation=\u00a0\u00bbfadeInRightBig\u00a0\u00bb css=\u00a0\u00bb.vc_custom_1592823924504{margin-left: -200px !important;border-left-width: -200px !important;padding-top: 40px !important;padding-right: 60px !important;padding-bottom: 40px !important;padding-left: 60px !important;background-color: #e0bd33 !important;}\u00a0\u00bb]<\/p>\n<h1><span style=\"color: #ffffff;\">DERNI\u00c8RES ACTUALIT\u00c9S<\/span><\/h1>\n<p>[vc_separator align=\u00a0\u00bbright\u00a0\u00bb color=\u00a0\u00bbwhite\u00a0\u00bb border_width=\u00a0\u00bb4&Prime; el_width=\u00a0\u00bb10&Prime;]<\/p>\n<h5 style=\"text-align: justify;\"><span style=\"color: #ffffff;\">Retrouvez toutes nos <b>actualit\u00e9s<\/b> et nos derni\u00e8res nouveaut\u00e9s : informations essentielles concernant le m\u00e9tier, <b>conseils <\/b>sur les diff\u00e9rents produits que nous proposons, nos nouveaux fournisseurs et partenaires avec lesquelles nous travaillons ainsi que toutes leurs actualit\u00e9s, les <b>nouveaux produits <\/b>disponibles et propos\u00e9s selon vos besoins \u2026<span class=\"Apple-converted-space\">\u00a0<\/span><\/span><\/h5>\n<h5 style=\"text-align: justify;\"><\/h5>\n<p>[\/vc_column_text][\/vc_column][\/vc_row][vc_row][vc_column][vc_basic_grid post_type=\u00a0\u00bbpost\u00a0\u00bb max_items=\u00a0\u00bb80&Prime; style=\u00a0\u00bbload-more\u00a0\u00bb items_per_page=\u00a0\u00bb8&Prime; element_width=\u00a0\u00bb3&Prime; item=\u00a0\u00bb972&Prime; btn_color=\u00a0\u00bbdefault\u00a0\u00bb grid_id=\u00a0\u00bbvc_gid:1602599276746-b0a2102d-32e3-3&Prime; taxonomies=\u00a0\u00bb5&Prime;][\/vc_column][\/vc_row]<\/p>\n","protected":false},"excerpt":{"rendered":"<p>[vc_row css=\u00a0\u00bb.vc_custom_1592830024876{background-position: center !important;background-repeat: no-repeat !important;background-size: cover !important;}\u00a0\u00bb][vc_column width=\u00a0\u00bb1\/2&Prime;][vc_single_image image=\u00a0\u00bb754&Prime; img_size=\u00a0\u00bblarge\u00a0\u00bb][\/vc_column][vc_column width=\u00a0\u00bb1\/2&Prime;][vc_single_image image=\u00a0\u00bb809&Prime; img_size=\u00a0\u00bbfull\u00a0\u00bb alignment=\u00a0\u00bbright\u00a0\u00bb][vc_column_text css_animation=\u00a0\u00bbfadeInRightBig\u00a0\u00bb css=\u00a0\u00bb.vc_custom_1592823924504{margin-left: -200px !important;border-left-width: -200px !important;padding-top: 40px !important;padding-right: 60px !important;padding-bottom: 40px !important;padding-left: 60px !important;background-color: #e0bd33 !important;}\u00a0\u00bb] DERNI\u00c8RES ACTUALIT\u00c9S [vc_separator align=\u00a0\u00bbright\u00a0\u00bb color=\u00a0\u00bbwhite\u00a0\u00bb border_width=\u00a0\u00bb4&Prime; el_width=\u00a0\u00bb10&Prime;] Retrouvez toutes nos actualit\u00e9s et nos derni\u00e8res nouveaut\u00e9s : informations essentielles concernant le m\u00e9tier, conseils sur les&#8230;<\/p>\n","protected":false},"author":1,"featured_media":0,"parent":0,"menu_order":0,"comment_status":"closed","ping_status":"closed","template":"","meta":{"footnotes":""},"class_list":["post-752","page","type-page","status-publish","hentry"],"yoast_head":"<!-- This site is optimized with the Yoast SEO plugin v27.5 - https:\/\/yoast.com\/product\/yoast-seo-wordpress\/ -->\n<title>Actualit\u00e9s et nos derni\u00e8res nouveaut\u00e9s - SORAC -<\/title>\n<meta name=\"description\" content=\"DERNI\u00c8RES ACTUALIT\u00c9S : Retrouvez toutes nos actualit\u00e9s et nos derni\u00e8res nouveaut\u00e9s : informations essentielles concernant le m\u00e9tier ...\" \/>\n<meta name=\"robots\" content=\"index, follow, max-snippet:-1, max-image-preview:large, max-video-preview:-1\" \/>\n<link rel=\"canonical\" href=\"https:\/\/www.sorac.fr\/en\/actualites\/\" \/>\n<meta property=\"og:locale\" content=\"en_GB\" \/>\n<meta property=\"og:type\" content=\"article\" \/>\n<meta property=\"og:title\" content=\"Actualit\u00e9s et nos derni\u00e8res nouveaut\u00e9s - SORAC -\" \/>\n<meta property=\"og:description\" content=\"DERNI\u00c8RES ACTUALIT\u00c9S : Retrouvez toutes nos actualit\u00e9s et nos derni\u00e8res nouveaut\u00e9s : informations essentielles concernant le m\u00e9tier ...\" \/>\n<meta property=\"og:url\" content=\"https:\/\/www.sorac.fr\/en\/actualites\/\" \/>\n<meta property=\"og:site_name\" content=\"SORAC\" \/>\n<meta property=\"article:modified_time\" content=\"2020-10-13T14:48:26+00:00\" \/>\n<meta name=\"twitter:card\" content=\"summary_large_image\" \/>\n<meta name=\"twitter:label1\" content=\"Estimated reading time\" \/>\n\t<meta name=\"twitter:data1\" content=\"1 minute\" \/>\n<script type=\"application\/ld+json\" class=\"yoast-schema-graph\">{\"@context\":\"https:\\\/\\\/schema.org\",\"@graph\":[{\"@type\":\"WebPage\",\"@id\":\"https:\\\/\\\/www.sorac.fr\\\/en\\\/actualites\\\/\",\"url\":\"https:\\\/\\\/www.sorac.fr\\\/en\\\/actualites\\\/\",\"name\":\"Actualit\u00e9s et nos derni\u00e8res nouveaut\u00e9s - SORAC -\",\"isPartOf\":{\"@id\":\"https:\\\/\\\/www.sorac.fr\\\/#website\"},\"datePublished\":\"2020-06-22T12:32:11+00:00\",\"dateModified\":\"2020-10-13T14:48:26+00:00\",\"description\":\"DERNI\u00c8RES ACTUALIT\u00c9S : Retrouvez toutes nos actualit\u00e9s et nos derni\u00e8res nouveaut\u00e9s : informations essentielles concernant le m\u00e9tier ...\",\"breadcrumb\":{\"@id\":\"https:\\\/\\\/www.sorac.fr\\\/en\\\/actualites\\\/#breadcrumb\"},\"inLanguage\":\"en-GB\",\"potentialAction\":[{\"@type\":\"ReadAction\",\"target\":[\"https:\\\/\\\/www.sorac.fr\\\/en\\\/actualites\\\/\"]}]},{\"@type\":\"BreadcrumbList\",\"@id\":\"https:\\\/\\\/www.sorac.fr\\\/en\\\/actualites\\\/#breadcrumb\",\"itemListElement\":[{\"@type\":\"ListItem\",\"position\":1,\"name\":\"Accueil\",\"item\":\"https:\\\/\\\/www.sorac.fr\\\/\"},{\"@type\":\"ListItem\",\"position\":2,\"name\":\"Actualit\u00e9s\"}]},{\"@type\":\"WebSite\",\"@id\":\"https:\\\/\\\/www.sorac.fr\\\/#website\",\"url\":\"https:\\\/\\\/www.sorac.fr\\\/\",\"name\":\"SORAC\",\"description\":\"Soci\u00e9t\u00e9 Ovilloise de Recherches et d&#039;Applications Commerciales\",\"potentialAction\":[{\"@type\":\"SearchAction\",\"target\":{\"@type\":\"EntryPoint\",\"urlTemplate\":\"https:\\\/\\\/www.sorac.fr\\\/?s={search_term_string}\"},\"query-input\":{\"@type\":\"PropertyValueSpecification\",\"valueRequired\":true,\"valueName\":\"search_term_string\"}}],\"inLanguage\":\"en-GB\"}]}<\/script>\n<!-- \/ Yoast SEO plugin. -->","yoast_head_json":{"title":"Actualit\u00e9s et nos derni\u00e8res nouveaut\u00e9s - SORAC -","description":"DERNI\u00c8RES ACTUALIT\u00c9S : Retrouvez toutes nos actualit\u00e9s et nos derni\u00e8res nouveaut\u00e9s : informations essentielles concernant le m\u00e9tier ...","robots":{"index":"index","follow":"follow","max-snippet":"max-snippet:-1","max-image-preview":"max-image-preview:large","max-video-preview":"max-video-preview:-1"},"canonical":"https:\/\/www.sorac.fr\/en\/actualites\/","og_locale":"en_GB","og_type":"article","og_title":"Actualit\u00e9s et nos derni\u00e8res nouveaut\u00e9s - SORAC -","og_description":"DERNI\u00c8RES ACTUALIT\u00c9S : Retrouvez toutes nos actualit\u00e9s et nos derni\u00e8res nouveaut\u00e9s : informations essentielles concernant le m\u00e9tier ...","og_url":"https:\/\/www.sorac.fr\/en\/actualites\/","og_site_name":"SORAC","article_modified_time":"2020-10-13T14:48:26+00:00","twitter_card":"summary_large_image","twitter_misc":{"Estimated reading time":"1 minute"},"schema":{"@context":"https:\/\/schema.org","@graph":[{"@type":"WebPage","@id":"https:\/\/www.sorac.fr\/en\/actualites\/","url":"https:\/\/www.sorac.fr\/en\/actualites\/","name":"Actualit\u00e9s et nos derni\u00e8res nouveaut\u00e9s - SORAC -","isPartOf":{"@id":"https:\/\/www.sorac.fr\/#website"},"datePublished":"2020-06-22T12:32:11+00:00","dateModified":"2020-10-13T14:48:26+00:00","description":"DERNI\u00c8RES ACTUALIT\u00c9S : Retrouvez toutes nos actualit\u00e9s et nos derni\u00e8res nouveaut\u00e9s : informations essentielles concernant le m\u00e9tier ...","breadcrumb":{"@id":"https:\/\/www.sorac.fr\/en\/actualites\/#breadcrumb"},"inLanguage":"en-GB","potentialAction":[{"@type":"ReadAction","target":["https:\/\/www.sorac.fr\/en\/actualites\/"]}]},{"@type":"BreadcrumbList","@id":"https:\/\/www.sorac.fr\/en\/actualites\/#breadcrumb","itemListElement":[{"@type":"ListItem","position":1,"name":"Accueil","item":"https:\/\/www.sorac.fr\/"},{"@type":"ListItem","position":2,"name":"Actualit\u00e9s"}]},{"@type":"WebSite","@id":"https:\/\/www.sorac.fr\/#website","url":"https:\/\/www.sorac.fr\/","name":"SORAC","description":"Soci\u00e9t\u00e9 Ovilloise de Recherches et d&#039;Applications Commerciales","potentialAction":[{"@type":"SearchAction","target":{"@type":"EntryPoint","urlTemplate":"https:\/\/www.sorac.fr\/?s={search_term_string}"},"query-input":{"@type":"PropertyValueSpecification","valueRequired":true,"valueName":"search_term_string"}}],"inLanguage":"en-GB"}]}},"_links":{"self":[{"href":"https:\/\/www.sorac.fr\/en\/wp-json\/wp\/v2\/pages\/752","targetHints":{"allow":["GET"]}}],"collection":[{"href":"https:\/\/www.sorac.fr\/en\/wp-json\/wp\/v2\/pages"}],"about":[{"href":"https:\/\/www.sorac.fr\/en\/wp-json\/wp\/v2\/types\/page"}],"author":[{"embeddable":true,"href":"https:\/\/www.sorac.fr\/en\/wp-json\/wp\/v2\/users\/1"}],"replies":[{"embeddable":true,"href":"https:\/\/www.sorac.fr\/en\/wp-json\/wp\/v2\/comments?post=752"}],"version-history":[{"count":24,"href":"https:\/\/www.sorac.fr\/en\/wp-json\/wp\/v2\/pages\/752\/revisions"}],"predecessor-version":[{"id":1083,"href":"https:\/\/www.sorac.fr\/en\/wp-json\/wp\/v2\/pages\/752\/revisions\/1083"}],"wp:attachment":[{"href":"https:\/\/www.sorac.fr\/en\/wp-json\/wp\/v2\/media?parent=752"}],"curies":[{"name":"wp","href":"https:\/\/api.w.org\/{rel}","templated":true}]}}