{"id":3,"date":"2018-08-29T15:45:49","date_gmt":"2018-08-29T13:45:49","guid":{"rendered":"http:\/\/www.sorac.fr\/?page_id=3"},"modified":"2022-01-26T10:45:46","modified_gmt":"2022-01-26T09:45:46","slug":"politique-de-confidentialite-rgpd","status":"publish","type":"page","link":"https:\/\/www.sorac.fr\/en\/politique-de-confidentialite-rgpd\/","title":{"rendered":"Politique de confidentialit\u00e9 \/ RGPD"},"content":{"rendered":"<h1 style=\"text-align: justify;\"><strong>_<\/strong><br \/>\nPrivacy Policy<br \/>\nRGPD<\/h1>\n<p style=\"text-align: justify;\">\n<p style=\"text-align: justify;\">Les informations recueillies sur ce formulaire sont enregistr\u00e9es dans un fichier informatis\u00e9 par S.O.R.A.C. dans l\u2019unique but de la prise en compte de votre demande ou de votre \u00e9valuation client.<br \/>\nLa base l\u00e9gale du traitement est celle en application en Europe et en France notamment via les informations communiqu\u00e9es par la CNIL.<\/p>\n<p style=\"text-align: justify;\">Les donn\u00e9es collect\u00e9es seront communiqu\u00e9es \u00e0 S.O.R.A.C et sont conserv\u00e9es pendant une dur\u00e9e de 10 ans .<\/p>\n<p style=\"text-align: justify;\">Vous pouvez :<br \/>\n&#8211; acc\u00e9der aux donn\u00e9es vous concernant<br \/>\n&#8211; les rectifier<br \/>\n&#8211; demander leur effacement<br \/>\n&#8211; exercer votre droit \u00e0 la limitation du traitement de vos donn\u00e9es.<br \/>\n&#8211; retirer \u00e0 tout moment votre consentement au traitement de vos donn\u00e9es<\/p>\n<p style=\"text-align: justify;\">Les informations recueillies ne sont pas partag\u00e9es \u00e0 des tiers.<\/p>\n<p style=\"text-align: justify;\"><strong>Consultez le site <a href=\"http:\/\/cnil.fr\/\">cnil.fr<\/a> pour plus d\u2019informations sur vos droits.<\/strong><br \/>\n<a class=\"moz-txt-link-freetext\" href=\"https:\/\/www.cnil.fr\/fr\/reglement-europeen-protection-donnees\">https:\/\/www.cnil.fr\/fr\/reglement-europeen-protection-donnees<\/a><\/p>\n<p style=\"text-align: justify;\">Pour exercer ces droits ou pour toute question sur le traitement de vos donn\u00e9es dans ce dispositif, vous pouvez contacter S.O.R.A.C. :<br \/>\n<a class=\"moz-txt-link-abbreviated\" href=\"mailto:contact@sorac.fr\">contact@sorac.fr<\/a>,<br \/>\n14 rue Gambetta, 78600 Le Mesnil le Roi<br \/>\ntel. : 01 39 12 23 13<\/p>\n<p style=\"text-align: justify;\">Si vous estimez, apr\u00e8s nous avoir contact\u00e9s, que vos droits \u00ab Informatique et Libert\u00e9s \u00bb ne sont pas respect\u00e9s, vous avez la possibilit\u00e9 d&rsquo;adresser une r\u00e9clamation \u00e0 la CNIL.<\/p>","protected":false},"excerpt":{"rendered":"<p>_ Politique de confidentialit\u00e9 RGPD Les informations recueillies sur ce formulaire sont enregistr\u00e9es dans un fichier informatis\u00e9 par S.O.R.A.C. dans l\u2019unique but de la prise en compte de votre demande ou de votre \u00e9valuation client. La base l\u00e9gale du traitement est celle en application en Europe et en France notamment via les informations communiqu\u00e9es par&#8230;<\/p>","protected":false},"author":1,"featured_media":0,"parent":0,"menu_order":0,"comment_status":"closed","ping_status":"open","template":"","meta":{"footnotes":""},"class_list":["post-3","page","type-page","status-publish","hentry"],"yoast_head":"<!-- This site is optimized with the Yoast SEO plugin v27.5 - https:\/\/yoast.com\/product\/yoast-seo-wordpress\/ -->\n<title>Politique de confidentialit\u00e9 \/ RGPD - SORAC<\/title>\n<meta name=\"description\" content=\"Politique de confidentialit\u00e9 : Qui sommes-nous\u00a0?L\u2019adresse de notre site Web est\u00a0: http:\/\/www.sorac.fr.Utilisation des donn\u00e9es ...\" \/>\n<meta name=\"robots\" content=\"index, follow, max-snippet:-1, max-image-preview:large, max-video-preview:-1\" \/>\n<link rel=\"canonical\" href=\"https:\/\/www.sorac.fr\/en\/politique-de-confidentialite-rgpd\/\" \/>\n<meta property=\"og:locale\" content=\"en_GB\" \/>\n<meta property=\"og:type\" content=\"article\" \/>\n<meta property=\"og:title\" content=\"Politique de confidentialit\u00e9 \/ RGPD - SORAC\" \/>\n<meta property=\"og:description\" content=\"Politique de confidentialit\u00e9 : Qui sommes-nous\u00a0?L\u2019adresse de notre site Web est\u00a0: http:\/\/www.sorac.fr.Utilisation des donn\u00e9es ...\" \/>\n<meta property=\"og:url\" content=\"https:\/\/www.sorac.fr\/en\/politique-de-confidentialite-rgpd\/\" \/>\n<meta property=\"og:site_name\" content=\"SORAC\" \/>\n<meta property=\"article:modified_time\" content=\"2022-01-26T09:45:46+00:00\" \/>\n<meta name=\"twitter:card\" content=\"summary_large_image\" \/>\n<meta name=\"twitter:label1\" content=\"Estimated reading time\" \/>\n\t<meta name=\"twitter:data1\" content=\"1 minute\" \/>\n<script type=\"application\/ld+json\" class=\"yoast-schema-graph\">{\"@context\":\"https:\\\/\\\/schema.org\",\"@graph\":[{\"@type\":\"WebPage\",\"@id\":\"https:\\\/\\\/www.sorac.fr\\\/politique-de-confidentialite-rgpd\\\/\",\"url\":\"https:\\\/\\\/www.sorac.fr\\\/politique-de-confidentialite-rgpd\\\/\",\"name\":\"Politique de confidentialit\u00e9 \\\/ RGPD - SORAC\",\"isPartOf\":{\"@id\":\"https:\\\/\\\/www.sorac.fr\\\/#website\"},\"datePublished\":\"2018-08-29T13:45:49+00:00\",\"dateModified\":\"2022-01-26T09:45:46+00:00\",\"description\":\"Politique de confidentialit\u00e9 : Qui sommes-nous\u00a0?L\u2019adresse de notre site Web est\u00a0: http:\\\/\\\/www.sorac.fr.Utilisation des donn\u00e9es ...\",\"breadcrumb\":{\"@id\":\"https:\\\/\\\/www.sorac.fr\\\/politique-de-confidentialite-rgpd\\\/#breadcrumb\"},\"inLanguage\":\"en-GB\",\"potentialAction\":[{\"@type\":\"ReadAction\",\"target\":[\"https:\\\/\\\/www.sorac.fr\\\/politique-de-confidentialite-rgpd\\\/\"]}]},{\"@type\":\"BreadcrumbList\",\"@id\":\"https:\\\/\\\/www.sorac.fr\\\/politique-de-confidentialite-rgpd\\\/#breadcrumb\",\"itemListElement\":[{\"@type\":\"ListItem\",\"position\":1,\"name\":\"Accueil\",\"item\":\"https:\\\/\\\/www.sorac.fr\\\/\"},{\"@type\":\"ListItem\",\"position\":2,\"name\":\"Politique de confidentialit\u00e9 \\\/ RGPD\"}]},{\"@type\":\"WebSite\",\"@id\":\"https:\\\/\\\/www.sorac.fr\\\/#website\",\"url\":\"https:\\\/\\\/www.sorac.fr\\\/\",\"name\":\"SORAC\",\"description\":\"Soci\u00e9t\u00e9 Ovilloise de Recherches et d&#039;Applications Commerciales\",\"potentialAction\":[{\"@type\":\"SearchAction\",\"target\":{\"@type\":\"EntryPoint\",\"urlTemplate\":\"https:\\\/\\\/www.sorac.fr\\\/?s={search_term_string}\"},\"query-input\":{\"@type\":\"PropertyValueSpecification\",\"valueRequired\":true,\"valueName\":\"search_term_string\"}}],\"inLanguage\":\"en-GB\"}]}<\/script>\n<!-- \/ Yoast SEO plugin. -->","yoast_head_json":{"title":"Politique de confidentialit\u00e9 \/ RGPD - SORAC","description":"Politique de confidentialit\u00e9 : Qui sommes-nous\u00a0?L\u2019adresse de notre site Web est\u00a0: http:\/\/www.sorac.fr.Utilisation des donn\u00e9es ...","robots":{"index":"index","follow":"follow","max-snippet":"max-snippet:-1","max-image-preview":"max-image-preview:large","max-video-preview":"max-video-preview:-1"},"canonical":"https:\/\/www.sorac.fr\/en\/politique-de-confidentialite-rgpd\/","og_locale":"en_GB","og_type":"article","og_title":"Politique de confidentialit\u00e9 \/ RGPD - SORAC","og_description":"Politique de confidentialit\u00e9 : Qui sommes-nous\u00a0?L\u2019adresse de notre site Web est\u00a0: http:\/\/www.sorac.fr.Utilisation des donn\u00e9es ...","og_url":"https:\/\/www.sorac.fr\/en\/politique-de-confidentialite-rgpd\/","og_site_name":"SORAC","article_modified_time":"2022-01-26T09:45:46+00:00","twitter_card":"summary_large_image","twitter_misc":{"Estimated reading time":"1 minute"},"schema":{"@context":"https:\/\/schema.org","@graph":[{"@type":"WebPage","@id":"https:\/\/www.sorac.fr\/politique-de-confidentialite-rgpd\/","url":"https:\/\/www.sorac.fr\/politique-de-confidentialite-rgpd\/","name":"Politique de confidentialit\u00e9 \/ RGPD - SORAC","isPartOf":{"@id":"https:\/\/www.sorac.fr\/#website"},"datePublished":"2018-08-29T13:45:49+00:00","dateModified":"2022-01-26T09:45:46+00:00","description":"Politique de confidentialit\u00e9 : Qui sommes-nous\u00a0?L\u2019adresse de notre site Web est\u00a0: http:\/\/www.sorac.fr.Utilisation des donn\u00e9es ...","breadcrumb":{"@id":"https:\/\/www.sorac.fr\/politique-de-confidentialite-rgpd\/#breadcrumb"},"inLanguage":"en-GB","potentialAction":[{"@type":"ReadAction","target":["https:\/\/www.sorac.fr\/politique-de-confidentialite-rgpd\/"]}]},{"@type":"BreadcrumbList","@id":"https:\/\/www.sorac.fr\/politique-de-confidentialite-rgpd\/#breadcrumb","itemListElement":[{"@type":"ListItem","position":1,"name":"Accueil","item":"https:\/\/www.sorac.fr\/"},{"@type":"ListItem","position":2,"name":"Politique de confidentialit\u00e9 \/ RGPD"}]},{"@type":"WebSite","@id":"https:\/\/www.sorac.fr\/#website","url":"https:\/\/www.sorac.fr\/","name":"SORAC","description":"Soci\u00e9t\u00e9 Ovilloise de Recherches et d&#039;Applications Commerciales","potentialAction":[{"@type":"SearchAction","target":{"@type":"EntryPoint","urlTemplate":"https:\/\/www.sorac.fr\/?s={search_term_string}"},"query-input":{"@type":"PropertyValueSpecification","valueRequired":true,"valueName":"search_term_string"}}],"inLanguage":"en-GB"}]}},"_links":{"self":[{"href":"https:\/\/www.sorac.fr\/en\/wp-json\/wp\/v2\/pages\/3","targetHints":{"allow":["GET"]}}],"collection":[{"href":"https:\/\/www.sorac.fr\/en\/wp-json\/wp\/v2\/pages"}],"about":[{"href":"https:\/\/www.sorac.fr\/en\/wp-json\/wp\/v2\/types\/page"}],"author":[{"embeddable":true,"href":"https:\/\/www.sorac.fr\/en\/wp-json\/wp\/v2\/users\/1"}],"replies":[{"embeddable":true,"href":"https:\/\/www.sorac.fr\/en\/wp-json\/wp\/v2\/comments?post=3"}],"version-history":[{"count":7,"href":"https:\/\/www.sorac.fr\/en\/wp-json\/wp\/v2\/pages\/3\/revisions"}],"predecessor-version":[{"id":1182,"href":"https:\/\/www.sorac.fr\/en\/wp-json\/wp\/v2\/pages\/3\/revisions\/1182"}],"wp:attachment":[{"href":"https:\/\/www.sorac.fr\/en\/wp-json\/wp\/v2\/media?parent=3"}],"curies":[{"name":"wp","href":"https:\/\/api.w.org\/{rel}","templated":true}]}}