{"id":243,"date":"2018-09-01T13:50:06","date_gmt":"2018-09-01T11:50:06","guid":{"rendered":"http:\/\/www.sorac.fr\/?page_id=243"},"modified":"2021-05-26T12:43:37","modified_gmt":"2021-05-26T10:43:37","slug":"nos-fabricants-partenaires","status":"publish","type":"page","link":"https:\/\/www.sorac.fr\/en\/nos-fabricants-partenaires\/","title":{"rendered":"Our Partners Manufacturers"},"content":{"rendered":"<p>[vc_row css=\u00a0\u00bb.vc_custom_1535707029864{background-image: url(http:\/\/www.sorac.fr\/wp-content\/uploads\/2018\/08\/produits.jpg?id=283) !important;background-position: center !important;background-repeat: no-repeat !important;background-size: cover !important;}\u00a0\u00bb][vc_column css_animation=\u00a0\u00bbfadeInDownBig\u00a0\u00bb width=\u00a0\u00bb1\/2&Prime;][vc_empty_space][vc_empty_space][vc_empty_space][vc_column_text css=\u00a0\u00bb.vc_custom_1535707936419{margin-left: 100px !important;border-left-width: 100px !important;padding-top: 40px !important;padding-right: 40px !important;padding-bottom: 40px !important;padding-left: 40px !important;background-color: #e0bd33 !important;}\u00a0\u00bb]<\/p>\n<h1><span style=\"color: #ffffff;\">NOS PRODUITS<br \/>\n[vc_separator align=\u00a0\u00bbright\u00a0\u00bb color=\u00a0\u00bbwhite\u00a0\u00bb border_width=\u00a0\u00bb4&Prime; el_width=\u00a0\u00bb20&Prime;]<\/span><\/h1>\n<p>&nbsp;<\/p>\n<p style=\"text-align: justify;\"><span style=\"color: #ffffff;\">SORAC travaille en collaboration avec des fabricants professionnels dans l&rsquo;industrie du caoutchouc, des plastiques ainsi que dans l&rsquo;industrie de l&rsquo;agroalimentaire. <\/span><\/p>\n<p style=\"text-align: justify;\"><span style=\"color: #ffffff;\">Les produits que nous proposons \u00e0 nos clients sont issues de division mastic, lubrifiant et adh\u00e9sif, de celle du bois et d\u00e9riv\u00e9 et enfin de division du caoutchouc.<\/span><\/p>\n<p>[\/vc_column_text][vc_empty_space][vc_empty_space][vc_empty_space][\/vc_column][vc_column width=\u00a0\u00bb1\/2&Prime;][\/vc_column][\/vc_row][vc_row][vc_column][vc_empty_space][\/vc_column][\/vc_row][vc_row][vc_column width=\u00a0\u00bb1\/2&Prime;][vc_single_image image=\u00a0\u00bb290&Prime; img_size=\u00a0\u00bblarge\u00a0\u00bb onclick=\u00a0\u00bbzoom\u00a0\u00bb css_animation=\u00a0\u00bbfadeInLeftBig\u00a0\u00bb][\/vc_column][vc_column width=\u00a0\u00bb1\/2&Prime;][vc_single_image image=\u00a0\u00bb276&Prime; img_size=\u00a0\u00bbfull\u00a0\u00bb alignment=\u00a0\u00bbright\u00a0\u00bb][vc_column_text css_animation=\u00a0\u00bbfadeInRightBig\u00a0\u00bb css=\u00a0\u00bb.vc_custom_1535802349029{margin-left: -200px !important;border-left-width: -200px !important;padding-top: 40px !important;padding-right: 40px !important;padding-bottom: 40px !important;padding-left: 40px !important;background-color: #e0bd33 !important;}\u00a0\u00bb]<\/p>\n<h1><span style=\"color: #ffffff;\">J. RETTENMAIER &amp; S\u00d6HNE<\/span><\/h1>\n<p>[vc_separator align=\u00a0\u00bbright\u00a0\u00bb color=\u00a0\u00bbwhite\u00a0\u00bb border_width=\u00a0\u00bb4&Prime; el_width=\u00a0\u00bb10&Prime;]<\/p>\n<p style=\"text-align: justify;\"><span style=\"color: #ffffff;\">La soci\u00e9t\u00e9 JRS propose des produits pour l&rsquo;industrie de l&rsquo;agroalimentaire de division de bois et d\u00e9vir\u00e9s comme des\u00a0produits de fumage, des fibres de cellulose et de bois. Autres produits que ces fabricants proposent : Caoutchoucs et T.P. &amp; Prestation de service broyage.<\/span><\/p>\n<p style=\"text-align: justify;\"><span style=\"color: #ffffff;\">Pour plus d&rsquo;informations sur notre entreprise partenaire et ses produits, nous vous invitons \u00e0 vous rendre sur leur page d\u00e9di\u00e9e.<\/span><\/p>\n<h5><\/h5>\n<h5><\/h5>\n<h5 style=\"text-align: justify;\"><span style=\"color: #ffffff;\"><a style=\"color: #ffffff;\" href=\"http:\/\/www.sorac.fr\/j-rettenmaier-sohne\/\" target=\"_blank\" rel=\"noopener noreferrer\"><strong><span style=\"color: #ffffff;\">+ d&rsquo;infos.<\/span><\/strong><\/a><\/span><\/h5>\n<p>[\/vc_column_text][\/vc_column][\/vc_row][vc_row full_width=\u00a0\u00bbstretch_row_content_no_spaces\u00a0\u00bb parallax=\u00a0\u00bbcontent-moving\u00a0\u00bb parallax_image=\u00a0\u00bb322&Prime; parallax_speed_bg=\u00a0\u00bb5&Prime; css_animation=\u00a0\u00bbfadeInLeftBig\u00a0\u00bb css=\u00a0\u00bb.vc_custom_1602599211017{background-image: url(https:\/\/www.sorac.fr\/wp-content\/uploads\/2018\/08\/plastic.jpg?id=327) !important;background-position: 0 0;background-repeat: no-repeat !important;}\u00a0\u00bb][vc_column width=\u00a0\u00bb1\/2&Prime;][vc_empty_space][vc_empty_space][vc_empty_space][vc_column_text css=\u00a0\u00bb.vc_custom_1535802994442{margin-left: 60px !important;border-left-width: 60px !important;padding-top: 40px !important;padding-right: 40px !important;padding-bottom: 40px !important;padding-left: 40px !important;background-color: rgba(255,255,255,0.8) !important;background-position: center !important;background-repeat: no-repeat !important;background-size: cover !important;*background-color: rgb(255,255,255) !important;}\u00a0\u00bb]<\/p>\n<h1><span style=\"color: #000000;\"><strong>KETTLITZ<\/strong><\/span><\/h1>\n<p>[vc_separator align=\u00a0\u00bbright\u00a0\u00bb color=\u00a0\u00bbblack\u00a0\u00bb border_width=\u00a0\u00bb4&Prime; el_width=\u00a0\u00bb10&Prime;]<\/p>\n<p style=\"text-align: justify;\">La soci\u00e9t\u00e9 Kettlitz propose des produits plastifiants, des agents de mise en oeuvre, des activateurs de charges, des co-agents\u00a0de vulcanisation, des silanes, des dessicants, des anticollants ainsi que des produits lubrifiants.<\/p>\n<p style=\"text-align: justify;\">Pour plus d&rsquo;informations sur notre entreprise partenaire et ses produits, nous vous invitons \u00e0 vous rendre sur leur page d\u00e9di\u00e9e.<\/p>\n<p>&nbsp;<\/p>\n<p><strong><a href=\"http:\/\/www.sorac.fr\/kettlitz\/\" target=\"_blank\" rel=\"noopener noreferrer\">+ d&rsquo;infos.<\/a><\/strong>[\/vc_column_text][vc_empty_space][vc_empty_space][vc_empty_space][\/vc_column][vc_column width=\u00a0\u00bb1\/2&Prime;][\/vc_column][\/vc_row][vc_row][vc_column][vc_empty_space][\/vc_column][\/vc_row][vc_row][vc_column width=\u00a0\u00bb1\/3&Prime;][vc_single_image image=\u00a0\u00bb329&Prime; img_size=\u00a0\u00bbmedium\u00a0\u00bb alignment=\u00a0\u00bbcenter\u00a0\u00bb style=\u00a0\u00bbvc_box_circle\u00a0\u00bb onclick=\u00a0\u00bbzoom\u00a0\u00bb css_animation=\u00a0\u00bbflipInY\u00a0\u00bb][vc_column_text]<\/p>\n<h2 style=\"text-align: center;\"><span style=\"color: #e0bd33;\">KUMYANG<\/span><\/h2>\n<p style=\"text-align: justify;\">Agents gonflants<br \/>\nPour plus d&rsquo;informations sur notre entreprise partenaire et ses produits, nous vous invitons \u00e0 vous rendre sur leur page d\u00e9di\u00e9e.<\/p>\n<h5 style=\"text-align: left;\"><a href=\"http:\/\/www.sorac.fr\/kumyang\/\" target=\"_blank\" rel=\"noopener noreferrer\"><strong>+ d&rsquo;infos<\/strong><\/a><\/h5>\n<p>[\/vc_column_text][\/vc_column][vc_column width=\u00a0\u00bb1\/3&Prime;][vc_single_image image=\u00a0\u00bb336&Prime; img_size=\u00a0\u00bbmedium\u00a0\u00bb alignment=\u00a0\u00bbcenter\u00a0\u00bb style=\u00a0\u00bbvc_box_circle\u00a0\u00bb onclick=\u00a0\u00bbzoom\u00a0\u00bb css_animation=\u00a0\u00bbflipInY\u00a0\u00bb][vc_column_text]<\/p>\n<h2 style=\"text-align: center;\"><span style=\"color: #e0bd33;\">INTERBUSINESS<\/span><\/h2>\n<p style=\"text-align: justify;\">Agents de vulcanisation<br \/>\nAcc\u00e9l\u00e9rateur de vulcanisation<br \/>\nPour plus d&rsquo;informations sur notre entreprise partenaire et ses produits, nous vous invitons \u00e0 vous rendre sur leur page d\u00e9di\u00e9e.<\/p>\n<h5 style=\"text-align: justify;\"><a href=\"http:\/\/www.sorac.fr\/interbusiness\/\" target=\"_blank\" rel=\"noopener noreferrer\"><strong>+ d&rsquo;infos<\/strong><\/a><\/h5>\n<p>[\/vc_column_text][\/vc_column][vc_column width=\u00a0\u00bb1\/3&Prime;][vc_single_image image=\u00a0\u00bb945&Prime; img_size=\u00a0\u00bbmedium\u00a0\u00bb alignment=\u00a0\u00bbcenter\u00a0\u00bb style=\u00a0\u00bbvc_box_circle\u00a0\u00bb onclick=\u00a0\u00bbzoom\u00a0\u00bb css_animation=\u00a0\u00bbflipInY\u00a0\u00bb][vc_column_text]<\/p>\n<h2 style=\"text-align: center;\"><span style=\"color: #e0bd33;\">TAG Chemicals<br \/>\n<\/span><\/h2>\n<p>&nbsp;<\/p>\n<p style=\"text-align: justify;\">Agents d\u00e9moulants<\/p>\n<p style=\"text-align: justify;\">Pour plus d&rsquo;informations sur notre entreprise partenaire et ses produits, nous vous invitons \u00e0 vous rendre sur leur page d\u00e9di\u00e9e.<\/p>\n<h5 style=\"text-align: left;\"><a href=\"http:\/\/www.sorac.fr\/tag\/\" target=\"_blank\" rel=\"noopener noreferrer\"><strong>+ d&rsquo;infos<\/strong><\/a><\/h5>\n<p>[\/vc_column_text][\/vc_column][\/vc_row][vc_row][vc_column][vc_empty_space][\/vc_column][\/vc_row][vc_row][vc_column css_animation=\u00a0\u00bbfadeInLeftBig\u00a0\u00bb width=\u00a0\u00bb1\/2&Prime;][vc_empty_space][vc_empty_space][vc_empty_space][vc_single_image image=\u00a0\u00bb1139&Prime; img_size=\u00a0\u00bblarge\u00a0\u00bb alignment=\u00a0\u00bbcenter\u00a0\u00bb onclick=\u00a0\u00bbzoom\u00a0\u00bb][\/vc_column][vc_column css_animation=\u00a0\u00bbfadeInRightBig\u00a0\u00bb width=\u00a0\u00bb1\/2&Prime;][vc_column_text css=\u00a0\u00bb.vc_custom_1620899344839{margin-left: -200px !important;border-left-width: -200px !important;padding-top: 20px !important;padding-right: 40px !important;padding-bottom: 20px !important;padding-left: 40px !important;background-color: #e0bd33 !important;}\u00a0\u00bb]<\/p>\n<h1 style=\"text-align: justify;\"><span style=\"color: #ffffff;\">IbioTec<\/span><\/h1>\n<p style=\"text-align: justify;\"><span style=\"color: #ffffff;\">[vc_separator color=\u00a0\u00bbcustom\u00a0\u00bb align=\u00a0\u00bbalign_left\u00a0\u00bb border_width=\u00a0\u00bb4&Prime; el_width=\u00a0\u00bb10&Prime; accent_color=\u00a0\u00bb#ffffff\u00a0\u00bb]<\/span><\/p>\n<p style=\"text-align: justify;\"><span style=\"color: #ffffff;\"><strong>IbioTec\u00a0<\/strong>est un formateur de produits techniques industriels.<\/span><br \/>\n<span style=\"color: #ffffff;\">Leur m\u00e9tier est la conception, la formulation ainsi que le conditionnement de produits chimiques et de produits agrochimiques techniques.<\/span><\/p>\n<p style=\"text-align: justify;\"><span style=\"color: #ffffff;\">Ils disposent d\u2019environ 2000 produits : Solvants, d\u00e9graissants, d\u00e9tergents, lubrifiants, produits pour la protection anti-corrosion, galvanisants, d\u00e9grippants, graisses, d\u00e9capants, d\u00e9moulants, huiles de coupe solubles et enti\u00e8res.<\/span><\/p>\n<h5 style=\"text-align: justify;\"><span style=\"color: #e0bd33;\">_<\/span><\/h5>\n<p><span style=\"color: #e0bd33;\">_<\/span><\/p>\n<h5 style=\"text-align: justify;\"><a href=\"http:\/\/www.sorac.fr\/procotex\/\" target=\"_blank\" rel=\"noopener noreferrer\"><span style=\"color: #ffffff;\"><strong>+ d&rsquo;infos<\/strong><\/span><\/a><\/h5>\n<p>[\/vc_column_text][\/vc_column][\/vc_row][vc_row][vc_column width=\u00a0\u00bb1\/2&Prime;][vc_empty_space][vc_column_text css_animation=\u00a0\u00bbfadeInRightBig\u00a0\u00bb]<\/p>\n<h1 style=\"text-align: right;\"><span style=\"color: #000000;\">Kchimica<\/span><\/h1>\n<p style=\"text-align: right;\">[vc_separator color=\u00a0\u00bbcustom\u00a0\u00bb align=\u00a0\u00bbalign_right\u00a0\u00bb border_width=\u00a0\u00bb4&Prime; el_width=\u00a0\u00bb20&Prime; accent_color=\u00a0\u00bb#0a0a0a\u00a0\u00bb]<\/p>\n<p style=\"text-align: justify;\">Partenaire sp\u00e9cialis\u00e9 dans les antioxydants et absorbeurs UV, silanes liquides, silice pyrog\u00e9n\u00e9e. Pour plus d\u2019informations sur notre partenaire et ses produits, nous vous invitons \u00e0 vous rendre sur leur page d\u00e9di\u00e9e.<\/p>\n<p>&nbsp;<\/p>\n<h5 style=\"text-align: right;\"><a href=\"http:\/\/www.sorac.fr\/chemservice\/\" target=\"_blank\" rel=\"noopener noreferrer\">+ d&rsquo;infos<\/a><\/h5>\n<p>[\/vc_column_text][\/vc_column][vc_column width=\u00a0\u00bb1\/2&Prime;][vc_single_image image=\u00a0\u00bb368&Prime; img_size=\u00a0\u00bblarge\u00a0\u00bb alignment=\u00a0\u00bbright\u00a0\u00bb onclick=\u00a0\u00bbzoom\u00a0\u00bb css_animation=\u00a0\u00bbfadeInLeftBig\u00a0\u00bb][\/vc_column][\/vc_row][vc_row][vc_column width=\u00a0\u00bb1\/2&Prime;][vc_single_image image=\u00a0\u00bb1113&Prime; img_size=\u00a0\u00bblarge\u00a0\u00bb alignment=\u00a0\u00bbright\u00a0\u00bb onclick=\u00a0\u00bbzoom\u00a0\u00bb css_animation=\u00a0\u00bbfadeInLeftBig\u00a0\u00bb][\/vc_column][vc_column width=\u00a0\u00bb1\/2&Prime;][vc_column_text css_animation=\u00a0\u00bbfadeInRightBig\u00a0\u00bb]<\/p>\n<h1 style=\"text-align: justify;\"><span style=\"color: #e6c25a;\">NEOGRAF Solutions LLC<br \/>\n<\/span><\/h1>\n<p style=\"text-align: justify;\">[vc_separator color=\u00a0\u00bbcustom\u00a0\u00bb align=\u00a0\u00bbalign_left\u00a0\u00bb border_width=\u00a0\u00bb4&Prime; el_width=\u00a0\u00bb20&Prime; accent_color=\u00a0\u00bb#e6c35a\u00a0\u00bb]<\/p>\n<p style=\"text-align: justify;\"><strong>NEOGRAF Solutions <\/strong>est un fabricant am\u00e9ricain de <strong>graphites<\/strong>\u00a0sont employ\u00e9s comme :<br \/>\n\u2013 <strong>charge ignifugeante<\/strong> intumescence,<br \/>\n\u2013<strong> Charge<\/strong> am\u00e9liorant la<strong> conductivit\u00e9 thermique et \u00e9lectrique<\/strong>.<\/p>\n<p style=\"text-align: justify;\">Ils proposent des<strong> solutions graphites<\/strong> et innovantes, et ce notamment sur l\u2019\u00e9lectronique, le transport, la construction ainsi que pour le march\u00e9 de l\u2019industrie.<\/p>\n<h5 style=\"text-align: justify;\"><a href=\"https:\/\/www.sorac.fr\/neograph\/\" target=\"_blank\" rel=\"noopener noreferrer\">+ d&rsquo;infos<\/a><\/h5>\n<p>[\/vc_column_text][\/vc_column][\/vc_row]<\/p>\n","protected":false},"excerpt":{"rendered":"<p>[vc_row css=\u00a0\u00bb.vc_custom_1535707029864{background-image: url(http:\/\/www.sorac.fr\/wp-content\/uploads\/2018\/08\/produits.jpg?id=283) !important;background-position: center !important;background-repeat: no-repeat !important;background-size: cover !important;}\u00a0\u00bb][vc_column css_animation=\u00a0\u00bbfadeInDownBig\u00a0\u00bb width=\u00a0\u00bb1\/2&Prime;][vc_empty_space][vc_empty_space][vc_empty_space][vc_column_text css=\u00a0\u00bb.vc_custom_1535707936419{margin-left: 100px !important;border-left-width: 100px !important;padding-top: 40px !important;padding-right: 40px !important;padding-bottom: 40px !important;padding-left: 40px !important;background-color: #e0bd33 !important;}\u00a0\u00bb] NOS PRODUITS [vc_separator align=\u00a0\u00bbright\u00a0\u00bb color=\u00a0\u00bbwhite\u00a0\u00bb border_width=\u00a0\u00bb4&Prime; el_width=\u00a0\u00bb20&Prime;] &nbsp; SORAC travaille en collaboration avec des fabricants professionnels dans l&rsquo;industrie du caoutchouc, des plastiques ainsi que dans l&rsquo;industrie de l&rsquo;agroalimentaire&#8230;.<\/p>\n","protected":false},"author":1,"featured_media":0,"parent":0,"menu_order":0,"comment_status":"closed","ping_status":"closed","template":"","meta":{"footnotes":""},"class_list":["post-243","page","type-page","status-publish","hentry"],"yoast_head":"<!-- This site is optimized with the Yoast SEO plugin v27.5 - https:\/\/yoast.com\/product\/yoast-seo-wordpress\/ -->\n<title>Nos Fabricants Partenaires Professionnels - SORAC<\/title>\n<meta name=\"description\" content=\"Nos fabricants partenaires : SORAC travaille en collaboration avec des fabricants professionnels dans l\u2019industrie du caoutchouc, des ...\" \/>\n<meta name=\"robots\" content=\"index, follow, max-snippet:-1, max-image-preview:large, max-video-preview:-1\" \/>\n<link rel=\"canonical\" href=\"https:\/\/www.sorac.fr\/en\/nos-fabricants-partenaires\/\" \/>\n<meta property=\"og:locale\" content=\"en_GB\" \/>\n<meta property=\"og:type\" content=\"article\" \/>\n<meta property=\"og:title\" content=\"Nos Fabricants Partenaires Professionnels - SORAC\" \/>\n<meta property=\"og:description\" content=\"Nos fabricants partenaires : SORAC travaille en collaboration avec des fabricants professionnels dans l\u2019industrie du caoutchouc, des ...\" \/>\n<meta property=\"og:url\" content=\"https:\/\/www.sorac.fr\/en\/nos-fabricants-partenaires\/\" \/>\n<meta property=\"og:site_name\" content=\"SORAC\" \/>\n<meta property=\"article:modified_time\" content=\"2021-05-26T10:43:37+00:00\" \/>\n<meta name=\"twitter:card\" content=\"summary_large_image\" \/>\n<meta name=\"twitter:label1\" content=\"Estimated reading time\" \/>\n\t<meta name=\"twitter:data1\" content=\"5 minutes\" \/>\n<script type=\"application\/ld+json\" class=\"yoast-schema-graph\">{\"@context\":\"https:\\\/\\\/schema.org\",\"@graph\":[{\"@type\":\"WebPage\",\"@id\":\"https:\\\/\\\/www.sorac.fr\\\/en\\\/nos-fabricants-partenaires\\\/\",\"url\":\"https:\\\/\\\/www.sorac.fr\\\/en\\\/nos-fabricants-partenaires\\\/\",\"name\":\"Nos Fabricants Partenaires Professionnels - SORAC\",\"isPartOf\":{\"@id\":\"https:\\\/\\\/www.sorac.fr\\\/#website\"},\"datePublished\":\"2018-09-01T11:50:06+00:00\",\"dateModified\":\"2021-05-26T10:43:37+00:00\",\"description\":\"Nos fabricants partenaires : SORAC travaille en collaboration avec des fabricants professionnels dans l\u2019industrie du caoutchouc, des ...\",\"breadcrumb\":{\"@id\":\"https:\\\/\\\/www.sorac.fr\\\/en\\\/nos-fabricants-partenaires\\\/#breadcrumb\"},\"inLanguage\":\"en-GB\",\"potentialAction\":[{\"@type\":\"ReadAction\",\"target\":[\"https:\\\/\\\/www.sorac.fr\\\/en\\\/nos-fabricants-partenaires\\\/\"]}]},{\"@type\":\"BreadcrumbList\",\"@id\":\"https:\\\/\\\/www.sorac.fr\\\/en\\\/nos-fabricants-partenaires\\\/#breadcrumb\",\"itemListElement\":[{\"@type\":\"ListItem\",\"position\":1,\"name\":\"Accueil\",\"item\":\"https:\\\/\\\/www.sorac.fr\\\/\"},{\"@type\":\"ListItem\",\"position\":2,\"name\":\"Nos Fabricants Partenaires\"}]},{\"@type\":\"WebSite\",\"@id\":\"https:\\\/\\\/www.sorac.fr\\\/#website\",\"url\":\"https:\\\/\\\/www.sorac.fr\\\/\",\"name\":\"SORAC\",\"description\":\"Soci\u00e9t\u00e9 Ovilloise de Recherches et d&#039;Applications Commerciales\",\"potentialAction\":[{\"@type\":\"SearchAction\",\"target\":{\"@type\":\"EntryPoint\",\"urlTemplate\":\"https:\\\/\\\/www.sorac.fr\\\/?s={search_term_string}\"},\"query-input\":{\"@type\":\"PropertyValueSpecification\",\"valueRequired\":true,\"valueName\":\"search_term_string\"}}],\"inLanguage\":\"en-GB\"}]}<\/script>\n<!-- \/ Yoast SEO plugin. -->","yoast_head_json":{"title":"Nos Fabricants Partenaires Professionnels - SORAC","description":"Nos fabricants partenaires : SORAC travaille en collaboration avec des fabricants professionnels dans l\u2019industrie du caoutchouc, des ...","robots":{"index":"index","follow":"follow","max-snippet":"max-snippet:-1","max-image-preview":"max-image-preview:large","max-video-preview":"max-video-preview:-1"},"canonical":"https:\/\/www.sorac.fr\/en\/nos-fabricants-partenaires\/","og_locale":"en_GB","og_type":"article","og_title":"Nos Fabricants Partenaires Professionnels - SORAC","og_description":"Nos fabricants partenaires : SORAC travaille en collaboration avec des fabricants professionnels dans l\u2019industrie du caoutchouc, des ...","og_url":"https:\/\/www.sorac.fr\/en\/nos-fabricants-partenaires\/","og_site_name":"SORAC","article_modified_time":"2021-05-26T10:43:37+00:00","twitter_card":"summary_large_image","twitter_misc":{"Estimated reading time":"5 minutes"},"schema":{"@context":"https:\/\/schema.org","@graph":[{"@type":"WebPage","@id":"https:\/\/www.sorac.fr\/en\/nos-fabricants-partenaires\/","url":"https:\/\/www.sorac.fr\/en\/nos-fabricants-partenaires\/","name":"Nos Fabricants Partenaires Professionnels - SORAC","isPartOf":{"@id":"https:\/\/www.sorac.fr\/#website"},"datePublished":"2018-09-01T11:50:06+00:00","dateModified":"2021-05-26T10:43:37+00:00","description":"Nos fabricants partenaires : SORAC travaille en collaboration avec des fabricants professionnels dans l\u2019industrie du caoutchouc, des ...","breadcrumb":{"@id":"https:\/\/www.sorac.fr\/en\/nos-fabricants-partenaires\/#breadcrumb"},"inLanguage":"en-GB","potentialAction":[{"@type":"ReadAction","target":["https:\/\/www.sorac.fr\/en\/nos-fabricants-partenaires\/"]}]},{"@type":"BreadcrumbList","@id":"https:\/\/www.sorac.fr\/en\/nos-fabricants-partenaires\/#breadcrumb","itemListElement":[{"@type":"ListItem","position":1,"name":"Accueil","item":"https:\/\/www.sorac.fr\/"},{"@type":"ListItem","position":2,"name":"Nos Fabricants Partenaires"}]},{"@type":"WebSite","@id":"https:\/\/www.sorac.fr\/#website","url":"https:\/\/www.sorac.fr\/","name":"SORAC","description":"Soci\u00e9t\u00e9 Ovilloise de Recherches et d&#039;Applications Commerciales","potentialAction":[{"@type":"SearchAction","target":{"@type":"EntryPoint","urlTemplate":"https:\/\/www.sorac.fr\/?s={search_term_string}"},"query-input":{"@type":"PropertyValueSpecification","valueRequired":true,"valueName":"search_term_string"}}],"inLanguage":"en-GB"}]}},"_links":{"self":[{"href":"https:\/\/www.sorac.fr\/en\/wp-json\/wp\/v2\/pages\/243","targetHints":{"allow":["GET"]}}],"collection":[{"href":"https:\/\/www.sorac.fr\/en\/wp-json\/wp\/v2\/pages"}],"about":[{"href":"https:\/\/www.sorac.fr\/en\/wp-json\/wp\/v2\/types\/page"}],"author":[{"embeddable":true,"href":"https:\/\/www.sorac.fr\/en\/wp-json\/wp\/v2\/users\/1"}],"replies":[{"embeddable":true,"href":"https:\/\/www.sorac.fr\/en\/wp-json\/wp\/v2\/comments?post=243"}],"version-history":[{"count":132,"href":"https:\/\/www.sorac.fr\/en\/wp-json\/wp\/v2\/pages\/243\/revisions"}],"predecessor-version":[{"id":1158,"href":"https:\/\/www.sorac.fr\/en\/wp-json\/wp\/v2\/pages\/243\/revisions\/1158"}],"wp:attachment":[{"href":"https:\/\/www.sorac.fr\/en\/wp-json\/wp\/v2\/media?parent=243"}],"curies":[{"name":"wp","href":"https:\/\/api.w.org\/{rel}","templated":true}]}}