{"id":227,"date":"2018-08-30T17:27:53","date_gmt":"2018-08-30T15:27:53","guid":{"rendered":"http:\/\/www.sorac.fr\/?page_id=227"},"modified":"2018-08-30T17:27:53","modified_gmt":"2018-08-30T15:27:53","slug":"descriptif-sorac","status":"publish","type":"page","link":"https:\/\/www.sorac.fr\/en\/descriptif-sorac\/","title":{"rendered":"Descriptif sorac"},"content":{"rendered":"<p>[vc_row][vc_column width=\u00a0\u00bb1\/3&Prime;][\/vc_column][vc_column width=\u00a0\u00bb1\/3&Prime;][vc_column_text css=\u00a0\u00bb.vc_custom_1535642793348{padding-top: 30px !important;padding-right: 30px !important;padding-bottom: 30px !important;padding-left: 30px !important;background-color: #e0bd33 !important;}\u00a0\u00bb]<\/p>\n<h4 style=\"text-align: left;\"><span style=\"color: #ffffff;\">Raison Sociale : S.O.R.A.C<\/span><\/h4>\n<h4 style=\"text-align: left;\"><span style=\"color: #ffffff;\">Adresse : 14, rue Gambetta &#8211; 78600 &#8211; LE MESNIL-LE-ROI<\/span><\/h4>\n<h4 style=\"text-align: left;\"><span style=\"color: #ffffff;\">T\u00e9l\u00e9phone : +33 (0)1.39.12.23.13<\/span><\/h4>\n<h4 style=\"text-align: left;\"><span style=\"color: #ffffff;\">T\u00e9l\u00e9copie : +33 (0)1.39.12.30.02<\/span><\/h4>\n<h4 style=\"text-align: left;\"><span style=\"color: #ffffff;\">Email : contact@sorac.Fr\u00a0<\/span><\/h4>\n<h4 style=\"text-align: left;\"><span style=\"color: #ffffff;\">Statut Juridique : S.A.R.L\u00a0<\/span><\/h4>\n<h4 style=\"text-align: left;\"><span style=\"color: #ffffff;\">N\u00b0 de Siret :\u00a0349 317 008 00028<\/span><\/h4>\n<h4 style=\"text-align: left;\"><span style=\"color: #ffffff;\">Lieu d\u2019enregistrement : RCS Versailles<\/span><\/h4>\n<h4 style=\"text-align: left;\"><span style=\"color: #ffffff;\">Code APE : 4675 Z<\/span><\/h4>\n<h4 style=\"text-align: left;\"><span style=\"color: #ffffff;\">Activit\u00e9 principale : N\u00e9goce de produits chimiques industriels<\/span><\/h4>\n<h4 style=\"text-align: left;\"><span style=\"color: #ffffff;\">G\u00e9rant : Philippe HOFFMANN<\/span><\/h4>\n<p>[\/vc_column_text][vc_separator color=\u00a0\u00bbblack\u00a0\u00bb align=\u00a0\u00bbalign_right\u00a0\u00bb border_width=\u00a0\u00bb4&Prime; el_width=\u00a0\u00bb20&Prime;][\/vc_column][vc_column width=\u00a0\u00bb1\/3&Prime;][\/vc_column][\/vc_row]<\/p>\n","protected":false},"excerpt":{"rendered":"<p>[vc_row][vc_column width=\u00a0\u00bb1\/3&Prime;][\/vc_column][vc_column width=\u00a0\u00bb1\/3&Prime;][vc_column_text css=\u00a0\u00bb.vc_custom_1535642793348{padding-top: 30px !important;padding-right: 30px !important;padding-bottom: 30px !important;padding-left: 30px !important;background-color: #e0bd33 !important;}\u00a0\u00bb] Raison Sociale : S.O.R.A.C Adresse : 14, rue Gambetta &#8211; 78600 &#8211; LE MESNIL-LE-ROI T\u00e9l\u00e9phone : +33 (0)1.39.12.23.13 T\u00e9l\u00e9copie : +33 (0)1.39.12.30.02 Email : contact@sorac.Fr\u00a0 Statut Juridique : S.A.R.L\u00a0 N\u00b0 de Siret :\u00a0349 317 008 00028 Lieu d\u2019enregistrement : RCS Versailles&#8230;<\/p>\n","protected":false},"author":1,"featured_media":0,"parent":0,"menu_order":0,"comment_status":"closed","ping_status":"closed","template":"","meta":{"footnotes":""},"class_list":["post-227","page","type-page","status-publish","hentry"],"yoast_head":"<!-- This site is optimized with the Yoast SEO plugin v27.5 - https:\/\/yoast.com\/product\/yoast-seo-wordpress\/ -->\n<title>Descriptif sorac - SORAC<\/title>\n<meta name=\"description\" content=\"Descriptif sorac : Nom de soci\u00e9t\u00e9, siret, contact, g\u00e9rant, activit\u00e9s, ...\" \/>\n<meta name=\"robots\" content=\"index, follow, max-snippet:-1, max-image-preview:large, max-video-preview:-1\" \/>\n<link rel=\"canonical\" href=\"https:\/\/www.sorac.fr\/en\/descriptif-sorac\/\" \/>\n<meta property=\"og:locale\" content=\"en_GB\" \/>\n<meta property=\"og:type\" content=\"article\" \/>\n<meta property=\"og:title\" content=\"Descriptif sorac - SORAC\" \/>\n<meta property=\"og:description\" content=\"Descriptif sorac : Nom de soci\u00e9t\u00e9, siret, contact, g\u00e9rant, activit\u00e9s, ...\" \/>\n<meta property=\"og:url\" content=\"https:\/\/www.sorac.fr\/en\/descriptif-sorac\/\" \/>\n<meta property=\"og:site_name\" content=\"SORAC\" \/>\n<meta name=\"twitter:card\" content=\"summary_large_image\" \/>\n<meta name=\"twitter:label1\" content=\"Estimated reading time\" \/>\n\t<meta name=\"twitter:data1\" content=\"1 minute\" \/>\n<script type=\"application\/ld+json\" class=\"yoast-schema-graph\">{\"@context\":\"https:\\\/\\\/schema.org\",\"@graph\":[{\"@type\":\"WebPage\",\"@id\":\"https:\\\/\\\/www.sorac.fr\\\/descriptif-sorac\\\/\",\"url\":\"https:\\\/\\\/www.sorac.fr\\\/descriptif-sorac\\\/\",\"name\":\"Descriptif sorac - SORAC\",\"isPartOf\":{\"@id\":\"https:\\\/\\\/www.sorac.fr\\\/#website\"},\"datePublished\":\"2018-08-30T15:27:53+00:00\",\"description\":\"Descriptif sorac : Nom de soci\u00e9t\u00e9, siret, contact, g\u00e9rant, activit\u00e9s, ...\",\"breadcrumb\":{\"@id\":\"https:\\\/\\\/www.sorac.fr\\\/descriptif-sorac\\\/#breadcrumb\"},\"inLanguage\":\"en-GB\",\"potentialAction\":[{\"@type\":\"ReadAction\",\"target\":[\"https:\\\/\\\/www.sorac.fr\\\/descriptif-sorac\\\/\"]}]},{\"@type\":\"BreadcrumbList\",\"@id\":\"https:\\\/\\\/www.sorac.fr\\\/descriptif-sorac\\\/#breadcrumb\",\"itemListElement\":[{\"@type\":\"ListItem\",\"position\":1,\"name\":\"Accueil\",\"item\":\"https:\\\/\\\/www.sorac.fr\\\/\"},{\"@type\":\"ListItem\",\"position\":2,\"name\":\"Descriptif sorac\"}]},{\"@type\":\"WebSite\",\"@id\":\"https:\\\/\\\/www.sorac.fr\\\/#website\",\"url\":\"https:\\\/\\\/www.sorac.fr\\\/\",\"name\":\"SORAC\",\"description\":\"Soci\u00e9t\u00e9 Ovilloise de Recherches et d&#039;Applications Commerciales\",\"potentialAction\":[{\"@type\":\"SearchAction\",\"target\":{\"@type\":\"EntryPoint\",\"urlTemplate\":\"https:\\\/\\\/www.sorac.fr\\\/?s={search_term_string}\"},\"query-input\":{\"@type\":\"PropertyValueSpecification\",\"valueRequired\":true,\"valueName\":\"search_term_string\"}}],\"inLanguage\":\"en-GB\"}]}<\/script>\n<!-- \/ Yoast SEO plugin. -->","yoast_head_json":{"title":"Descriptif sorac - SORAC","description":"Descriptif sorac : Nom de soci\u00e9t\u00e9, siret, contact, g\u00e9rant, activit\u00e9s, ...","robots":{"index":"index","follow":"follow","max-snippet":"max-snippet:-1","max-image-preview":"max-image-preview:large","max-video-preview":"max-video-preview:-1"},"canonical":"https:\/\/www.sorac.fr\/en\/descriptif-sorac\/","og_locale":"en_GB","og_type":"article","og_title":"Descriptif sorac - SORAC","og_description":"Descriptif sorac : Nom de soci\u00e9t\u00e9, siret, contact, g\u00e9rant, activit\u00e9s, ...","og_url":"https:\/\/www.sorac.fr\/en\/descriptif-sorac\/","og_site_name":"SORAC","twitter_card":"summary_large_image","twitter_misc":{"Estimated reading time":"1 minute"},"schema":{"@context":"https:\/\/schema.org","@graph":[{"@type":"WebPage","@id":"https:\/\/www.sorac.fr\/descriptif-sorac\/","url":"https:\/\/www.sorac.fr\/descriptif-sorac\/","name":"Descriptif sorac - SORAC","isPartOf":{"@id":"https:\/\/www.sorac.fr\/#website"},"datePublished":"2018-08-30T15:27:53+00:00","description":"Descriptif sorac : Nom de soci\u00e9t\u00e9, siret, contact, g\u00e9rant, activit\u00e9s, ...","breadcrumb":{"@id":"https:\/\/www.sorac.fr\/descriptif-sorac\/#breadcrumb"},"inLanguage":"en-GB","potentialAction":[{"@type":"ReadAction","target":["https:\/\/www.sorac.fr\/descriptif-sorac\/"]}]},{"@type":"BreadcrumbList","@id":"https:\/\/www.sorac.fr\/descriptif-sorac\/#breadcrumb","itemListElement":[{"@type":"ListItem","position":1,"name":"Accueil","item":"https:\/\/www.sorac.fr\/"},{"@type":"ListItem","position":2,"name":"Descriptif sorac"}]},{"@type":"WebSite","@id":"https:\/\/www.sorac.fr\/#website","url":"https:\/\/www.sorac.fr\/","name":"SORAC","description":"Soci\u00e9t\u00e9 Ovilloise de Recherches et d&#039;Applications Commerciales","potentialAction":[{"@type":"SearchAction","target":{"@type":"EntryPoint","urlTemplate":"https:\/\/www.sorac.fr\/?s={search_term_string}"},"query-input":{"@type":"PropertyValueSpecification","valueRequired":true,"valueName":"search_term_string"}}],"inLanguage":"en-GB"}]}},"_links":{"self":[{"href":"https:\/\/www.sorac.fr\/en\/wp-json\/wp\/v2\/pages\/227","targetHints":{"allow":["GET"]}}],"collection":[{"href":"https:\/\/www.sorac.fr\/en\/wp-json\/wp\/v2\/pages"}],"about":[{"href":"https:\/\/www.sorac.fr\/en\/wp-json\/wp\/v2\/types\/page"}],"author":[{"embeddable":true,"href":"https:\/\/www.sorac.fr\/en\/wp-json\/wp\/v2\/users\/1"}],"replies":[{"embeddable":true,"href":"https:\/\/www.sorac.fr\/en\/wp-json\/wp\/v2\/comments?post=227"}],"version-history":[{"count":10,"href":"https:\/\/www.sorac.fr\/en\/wp-json\/wp\/v2\/pages\/227\/revisions"}],"predecessor-version":[{"id":237,"href":"https:\/\/www.sorac.fr\/en\/wp-json\/wp\/v2\/pages\/227\/revisions\/237"}],"wp:attachment":[{"href":"https:\/\/www.sorac.fr\/en\/wp-json\/wp\/v2\/media?parent=227"}],"curies":[{"name":"wp","href":"https:\/\/api.w.org\/{rel}","templated":true}]}}