{"id":22,"date":"2018-08-31T17:56:25","date_gmt":"2018-08-31T15:56:25","guid":{"rendered":"http:\/\/www.sorac.fr\/?page_id=22"},"modified":"2021-05-13T12:11:39","modified_gmt":"2021-05-13T10:11:39","slug":"sorac","status":"publish","type":"page","link":"https:\/\/www.sorac.fr\/en\/","title":{"rendered":"SORAC"},"content":{"rendered":"<p>[vc_row][vc_column][vc_column_text][\/vc_column_text][\/vc_column][\/vc_row][vc_row][vc_column width=\u00a0\u00bb1\/6&Prime;][\/vc_column][vc_column width=\u00a0\u00bb2\/3&Prime;][vc_separator color=\u00a0\u00bbcustom\u00a0\u00bb align=\u00a0\u00bbalign_left\u00a0\u00bb border_width=\u00a0\u00bb5&Prime; el_width=\u00a0\u00bb10&Prime; accent_color=\u00a0\u00bb#e0bd33&Prime;][vc_column_text css_animation=\u00a0\u00bbfadeInDownBig\u00a0\u00bb][\/vc_column_text][vc_column_text css_animation=\u00a0\u00bbfadeInUpBig\u00a0\u00bb]<\/p>\n<h1 style=\"text-align: justify;\"><span style=\"color: #000000;\"><strong>SORAC<\/strong><\/span><\/h1>\n<h2><em><strong>S<\/strong>oci\u00e9t\u00e9 <strong>O<\/strong>villoise de\u00a0<strong>R<\/strong>echerches et d\u2019<strong>A<\/strong>pplication <strong>C<\/strong>ommerciales<\/em><\/h2>\n<p>[\/vc_column_text][vc_column_text css_animation=\u00a0\u00bbfadeInUpBig\u00a0\u00bb]<\/p>\n<p style=\"text-align: justify;\">La soci\u00e9t\u00e9 <strong>SORAC<\/strong> a une <strong>activit\u00e9 de repr\u00e9sentation commerciale<\/strong> et de <strong>distribution de produits chimiques sp\u00e9ciaux<\/strong>, fabriqu\u00e9s pour la plupart dans des pays de l\u2019U.E., mais \u00e9galement en Asie. Ces <strong>produits <\/strong>sont principalement <strong>destin\u00e9s aux industries des plastiques<\/strong>, des <strong>caoutchoucs<\/strong>, des <strong>adh\u00e9sifs<\/strong>, ainsi qu\u2019\u00e0 des <strong>applications diverses<\/strong>, dont la <strong>filtration <\/strong>et le <strong>fumage <\/strong>dans le <strong>domaine des produits <\/strong><strong>pharmaceutiques <\/strong>et <strong>alimentaires<\/strong>.<\/p>\n<p>[\/vc_column_text][vc_btn title=\u00a0\u00bbEn savoir plus\u00a0\u00bb color=\u00a0\u00bbchino\u00a0\u00bb align=\u00a0\u00bbright\u00a0\u00bb link=\u00a0\u00bburl:http%3A%2F%2Fwww.sorac.fr%2Fa-propos%2F||target:%20_blank|\u00a0\u00bb][\/vc_column][vc_column width=\u00a0\u00bb1\/6&Prime;][\/vc_column][\/vc_row][vc_row][vc_column width=\u00a0\u00bb1\/3&Prime;][\/vc_column][vc_column width=\u00a0\u00bb1\/3&Prime;][vc_column_text]<\/p>\n<h2 style=\"text-align: center;\"><strong>NOTRE ACTIVIT\u00c9<\/strong><\/h2>\n<p>[\/vc_column_text][vc_separator color=\u00a0\u00bbcustom\u00a0\u00bb border_width=\u00a0\u00bb5&Prime; el_width=\u00a0\u00bb20&Prime; accent_color=\u00a0\u00bb#e0bd33&Prime;][\/vc_column][vc_column width=\u00a0\u00bb1\/3&Prime;][\/vc_column][\/vc_row][vc_row full_width=\u00a0\u00bbstretch_row_content_no_spaces\u00a0\u00bb css=\u00a0\u00bb.vc_custom_1535463917395{background-color: #e8e8e8 !important;}\u00a0\u00bb][vc_column width=\u00a0\u00bb1\/4&Prime;][vc_single_image image=\u00a0\u00bb32&Prime; alignment=\u00a0\u00bbcenter\u00a0\u00bb css_animation=\u00a0\u00bbbounceInLeft\u00a0\u00bb][vc_column_text]<\/p>\n<h4 style=\"text-align: center;\"><span style=\"color: #e0bd33;\"><strong>Division Mastics,<br \/>\n<\/strong><strong>Lubrifiants, Adh\u00e9sifs<\/strong><\/span><\/h4>\n<p style=\"text-align: center;\">Industries du b\u00e2timent et automobile:<br \/>\nAgents gonflants<br \/>\nLubrifiants industriels<br \/>\nDurcisseurs<\/p>\n<p>[\/vc_column_text][\/vc_column][vc_column width=\u00a0\u00bb1\/4&Prime;][vc_single_image image=\u00a0\u00bb33&Prime; alignment=\u00a0\u00bbcenter\u00a0\u00bb css_animation=\u00a0\u00bbbounceInDown\u00a0\u00bb][vc_column_text]<\/p>\n<h4 style=\"text-align: center;\"><span style=\"color: #e0bd33;\"><strong>Division Bois &amp; d\u00e9riv\u00e9s<\/strong><\/span><\/h4>\n<p style=\"text-align: center;\">Industrie alimentaire:<br \/>\nFibres de cellulose<br \/>\nAgents de filtration<br \/>\nFarines de bois<\/p>\n<p>[\/vc_column_text][\/vc_column][vc_column width=\u00a0\u00bb1\/4&Prime;][vc_single_image image=\u00a0\u00bb34&Prime; alignment=\u00a0\u00bbcenter\u00a0\u00bb css_animation=\u00a0\u00bbbounceInRight\u00a0\u00bb][vc_column_text]<\/p>\n<h4 style=\"text-align: center;\"><span style=\"color: #e0bd33;\"><strong>Division Caoutchoucs et Plastiques<\/strong><\/span><\/h4>\n<p style=\"text-align: center;\">Industries de fabrication et de transformation des caoutchoucs :<br \/>\nAdditifs de sp\u00e9cialit\u00e9<br \/>\nCharges d&rsquo;origine naturelle : poudre de bois et fibres de cellulose<br \/>\nAnti-collants Antitack pour batch-off<br \/>\nAgents de d\u00e9moulage sacrificiels, semi-permanents, lubrifiants&#8230;<\/p>\n<p style=\"text-align: center;\">Rotomoulage, plastiques, PU :<br \/>\nAgents de d\u00e9moulage<\/p>\n<p>[\/vc_column_text][\/vc_column][vc_column width=\u00a0\u00bb1\/4&Prime;][vc_single_image image=\u00a0\u00bb33&Prime; alignment=\u00a0\u00bbcenter\u00a0\u00bb css_animation=\u00a0\u00bbbounceInDown\u00a0\u00bb][vc_column_text]<\/p>\n<h4 style=\"text-align: center;\"><span style=\"color: #e0bd33;\"><strong>Lubrifiants pour le bois<br \/>\n<\/strong><\/span><\/h4>\n<p style=\"text-align: center;\">Scieries et 2nde transformation du bois, Exploitations foresti\u00e8res, Paysagiste, \u00e9lagueurs et particuliers :<br \/>\nHuiles v\u00e9g\u00e9tales et biod\u00e9gradables<br \/>\nhuiles min\u00e9rales<br \/>\nCarburants sp\u00e9ciaux<br \/>\nNettoyants<\/p>\n<p>[\/vc_column_text][\/vc_column][\/vc_row][vc_row full_width=\u00a0\u00bbstretch_row_content_no_spaces\u00a0\u00bb css=\u00a0\u00bb.vc_custom_1535463917395{background-color: #e8e8e8 !important;}\u00a0\u00bb][vc_column width=\u00a0\u00bb1\/3&Prime;][\/vc_column][vc_column width=\u00a0\u00bb1\/3&Prime;][\/vc_column][vc_column width=\u00a0\u00bb1\/3&Prime;][\/vc_column][\/vc_row][vc_row][vc_column width=\u00a0\u00bb1\/4&Prime;][\/vc_column][vc_column width=\u00a0\u00bb1\/2&Prime;][vc_separator color=\u00a0\u00bbcustom\u00a0\u00bb border_width=\u00a0\u00bb5&Prime; el_width=\u00a0\u00bb20&Prime; accent_color=\u00a0\u00bb#e0bd33&Prime;][vc_column_text]<\/p>\n<h4 style=\"text-align: center;\"><strong>NOS PARTENAIRES<\/strong><\/h4>\n<p>[\/vc_column_text][vc_column_text]<\/p>\n<p style=\"text-align: justify;\">Nous travaillons en collaboration avec plusieurs fabricants professionnels issue de l\u2019industrie du caoutchouc, des plastiques ainsi que de celle l\u2019industrie de l\u2019agroalimentaire.<\/p>\n<p>[\/vc_column_text][vc_empty_space][\/vc_column][vc_column width=\u00a0\u00bb1\/4&Prime;][\/vc_column][\/vc_row][vc_row][vc_column][vc_basic_grid post_type=\u00a0\u00bbpost\u00a0\u00bb max_items=\u00a0\u00bb\u00a0\u00bb style=\u00a0\u00bbpagination\u00a0\u00bb items_per_page=\u00a0\u00bb4&Prime; element_width=\u00a0\u00bb3&Prime; arrows_design=\u00a0\u00bbvc_arrow-icon-arrow_07_left\u00a0\u00bb arrows_position=\u00a0\u00bboutside\u00a0\u00bb arrows_color=\u00a0\u00bbblack\u00a0\u00bb paging_design=\u00a0\u00bbnone\u00a0\u00bb item=\u00a0\u00bb964&Prime; grid_id=\u00a0\u00bbvc_gid:1620900304426-5ae9f714-3e9f-9&Prime; taxonomies=\u00a0\u00bb3&Prime; el_class=\u00a0\u00bb300 x 300&Prime;][\/vc_column][\/vc_row][vc_row][vc_column][vc_btn title=\u00a0\u00bbNOS FABRICANTS \/ PARTENAIRES\u00a0\u00bb size=\u00a0\u00bblg\u00a0\u00bb align=\u00a0\u00bbcenter\u00a0\u00bb css_animation=\u00a0\u00bbfadeIn\u00a0\u00bb link=\u00a0\u00bburl:http%3A%2F%2Fwww.sorac.fr%2Fnos-fabricants-partenaires%2F||target:%20_blank|\u00a0\u00bb][vc_empty_space height=\u00a0\u00bb40px\u00a0\u00bb][\/vc_column][\/vc_row][vc_row][vc_column width=\u00a0\u00bb1\/4&Prime;][\/vc_column][vc_column width=\u00a0\u00bb1\/2&Prime;][vc_column_text]<\/p>\n<h4 style=\"text-align: center;\"><strong>CONTACT SORAC<\/strong><\/h4>\n<p>[\/vc_column_text][vc_column_text]<\/p>\n<p style=\"text-align: justify;\">Pour toute prise de contact, tous compl\u00e9ments d\u2019informations, n\u2019h\u00e9sitez pas \u00e0 nous contacter. Nous nous engageons \u00e0 r\u00e9pondre dans les plus brefs d\u00e9lais.<\/p>\n<p>[\/vc_column_text][\/vc_column][vc_column width=\u00a0\u00bb1\/4&Prime;][\/vc_column][\/vc_row][vc_row full_width=\u00a0\u00bbstretch_row_content_no_spaces\u00a0\u00bb parallax=\u00a0\u00bbcontent-moving\u00a0\u00bb parallax_image=\u00a0\u00bb491&Prime; css=\u00a0\u00bb.vc_custom_1602514177746{background-image: url(https:\/\/www.sorac.fr\/wp-content\/uploads\/2018\/09\/contact2.jpg?id=491) !important;background-position: 0 0;background-repeat: no-repeat !important;}\u00a0\u00bb][vc_column width=\u00a0\u00bb1\/3&Prime;][vc_single_image image=\u00a0\u00bb35&Prime; alignment=\u00a0\u00bbright\u00a0\u00bb css_animation=\u00a0\u00bbfadeInLeftBig\u00a0\u00bb][vc_column_text]<\/p>\n<h5 style=\"text-align: right;\"><span style=\"color: #ffffff;\"><strong>SORAC <\/strong><\/span><br \/>\n<span style=\"color: #ffffff;\">14, rue Gambetta<\/span><br \/>\n<span style=\"color: #ffffff;\">78 600 Le Mesnil-le-roi<\/span><\/h5>\n<p>[\/vc_column_text][\/vc_column][vc_column width=\u00a0\u00bb1\/3&Prime;][vc_single_image image=\u00a0\u00bb36&Prime; alignment=\u00a0\u00bbcenter\u00a0\u00bb css_animation=\u00a0\u00bbrotateIn\u00a0\u00bb][vc_column_text]<\/p>\n<h5 style=\"text-align: center;\"><span style=\"color: #ffffff;\">T\u00e9l : +33 (0)1.39.12.23.13<\/span><br \/>\n<span style=\"color: #ffffff;\">Fax : +33 (0)1.39.12.30.02<\/span><\/h5>\n<p>[\/vc_column_text][\/vc_column][vc_column width=\u00a0\u00bb1\/3&Prime;][vc_single_image image=\u00a0\u00bb37&Prime; css_animation=\u00a0\u00bbfadeInRightBig\u00a0\u00bb][vc_column_text]<\/p>\n<h5 style=\"text-align: left;\"><span style=\"color: #ffffff;\"><a style=\"color: #ffffff;\" href=\"mailto:contact@sorac.Fr\" target=\"_blank\" rel=\"noopener noreferrer\">contact@sorac.Fr<\/a><\/span><\/h5>\n<p>[\/vc_column_text][\/vc_column][\/vc_row]<\/p>\n","protected":false},"excerpt":{"rendered":"<p>[vc_row][vc_column][vc_column_text][\/vc_column_text][\/vc_column][\/vc_row][vc_row][vc_column width=\u00a0\u00bb1\/6&Prime;][\/vc_column][vc_column width=\u00a0\u00bb2\/3&Prime;][vc_separator color=\u00a0\u00bbcustom\u00a0\u00bb align=\u00a0\u00bbalign_left\u00a0\u00bb border_width=\u00a0\u00bb5&Prime; el_width=\u00a0\u00bb10&Prime; accent_color=\u00a0\u00bb#e0bd33&Prime;][vc_column_text css_animation=\u00a0\u00bbfadeInDownBig\u00a0\u00bb][\/vc_column_text][vc_column_text css_animation=\u00a0\u00bbfadeInUpBig\u00a0\u00bb] SORAC Soci\u00e9t\u00e9 Ovilloise de\u00a0Recherches et d\u2019Application Commerciales [\/vc_column_text][vc_column_text css_animation=\u00a0\u00bbfadeInUpBig\u00a0\u00bb] La soci\u00e9t\u00e9 SORAC a une activit\u00e9 de repr\u00e9sentation commerciale et de distribution de produits chimiques sp\u00e9ciaux, fabriqu\u00e9s pour la plupart dans des pays de l\u2019U.E., mais \u00e9galement en Asie. Ces produits sont principalement destin\u00e9s aux industries&#8230;<\/p>\n","protected":false},"author":1,"featured_media":1141,"parent":0,"menu_order":0,"comment_status":"closed","ping_status":"closed","template":"","meta":{"footnotes":""},"class_list":["post-22","page","type-page","status-publish","has-post-thumbnail","hentry"],"yoast_head":"<!-- This site is optimized with the Yoast SEO plugin v27.5 - https:\/\/yoast.com\/product\/yoast-seo-wordpress\/ -->\n<title>SORAC : Soci\u00e9t\u00e9 Ovilloise de Recherches et d\u2019Application Commerciales<\/title>\n<meta name=\"description\" content=\"SORAC : Soci\u00e9t\u00e9 Ovilloise de Recherches et d&#039;Application Commerciales. Distributeur de produits et additifs dans l&#039;industrie du ...\" \/>\n<meta name=\"robots\" content=\"index, follow, max-snippet:-1, max-image-preview:large, max-video-preview:-1, noarchive\" \/>\n<link rel=\"canonical\" href=\"https:\/\/www.sorac.fr\/en\/\" \/>\n<meta property=\"og:locale\" content=\"en_GB\" \/>\n<meta property=\"og:type\" content=\"article\" \/>\n<meta property=\"og:title\" content=\"SORAC : Soci\u00e9t\u00e9 Ovilloise de Recherches et d\u2019Application Commerciales\" \/>\n<meta property=\"og:description\" content=\"SORAC : Soci\u00e9t\u00e9 Ovilloise de Recherches et d&#039;Application Commerciales. Distributeur de produits et additifs dans l&#039;industrie du ...\" \/>\n<meta property=\"og:url\" content=\"https:\/\/www.sorac.fr\/en\/\" \/>\n<meta property=\"og:site_name\" content=\"SORAC\" \/>\n<meta property=\"article:modified_time\" content=\"2021-05-13T10:11:39+00:00\" \/>\n<meta property=\"og:image\" content=\"https:\/\/www.sorac.fr\/wp-content\/uploads\/2021\/05\/LOGO-SORAC-72.png\" \/>\n\t<meta property=\"og:image:width\" content=\"1180\" \/>\n\t<meta property=\"og:image:height\" content=\"455\" \/>\n\t<meta property=\"og:image:type\" content=\"image\/png\" \/>\n<meta name=\"twitter:card\" content=\"summary_large_image\" \/>\n<meta name=\"twitter:label1\" content=\"Estimated reading time\" \/>\n\t<meta name=\"twitter:data1\" content=\"4 minutes\" \/>\n<script type=\"application\/ld+json\" class=\"yoast-schema-graph\">{\"@context\":\"https:\\\/\\\/schema.org\",\"@graph\":[{\"@type\":\"WebPage\",\"@id\":\"https:\\\/\\\/www.sorac.fr\\\/\",\"url\":\"https:\\\/\\\/www.sorac.fr\\\/\",\"name\":\"SORAC : Soci\u00e9t\u00e9 Ovilloise de Recherches et d\u2019Application Commerciales\",\"isPartOf\":{\"@id\":\"https:\\\/\\\/www.sorac.fr\\\/#website\"},\"primaryImageOfPage\":{\"@id\":\"https:\\\/\\\/www.sorac.fr\\\/#primaryimage\"},\"image\":{\"@id\":\"https:\\\/\\\/www.sorac.fr\\\/#primaryimage\"},\"thumbnailUrl\":\"https:\\\/\\\/www.sorac.fr\\\/wp-content\\\/uploads\\\/2021\\\/05\\\/LOGO-SORAC-72.png\",\"datePublished\":\"2018-08-31T15:56:25+00:00\",\"dateModified\":\"2021-05-13T10:11:39+00:00\",\"description\":\"SORAC : Soci\u00e9t\u00e9 Ovilloise de Recherches et d'Application Commerciales. Distributeur de produits et additifs dans l'industrie du ...\",\"breadcrumb\":{\"@id\":\"https:\\\/\\\/www.sorac.fr\\\/#breadcrumb\"},\"inLanguage\":\"en-GB\",\"potentialAction\":[{\"@type\":\"ReadAction\",\"target\":[\"https:\\\/\\\/www.sorac.fr\\\/\"]}]},{\"@type\":\"ImageObject\",\"inLanguage\":\"en-GB\",\"@id\":\"https:\\\/\\\/www.sorac.fr\\\/#primaryimage\",\"url\":\"https:\\\/\\\/www.sorac.fr\\\/wp-content\\\/uploads\\\/2021\\\/05\\\/LOGO-SORAC-72.png\",\"contentUrl\":\"https:\\\/\\\/www.sorac.fr\\\/wp-content\\\/uploads\\\/2021\\\/05\\\/LOGO-SORAC-72.png\",\"width\":1180,\"height\":455,\"caption\":\"sorac\"},{\"@type\":\"BreadcrumbList\",\"@id\":\"https:\\\/\\\/www.sorac.fr\\\/#breadcrumb\",\"itemListElement\":[{\"@type\":\"ListItem\",\"position\":1,\"name\":\"Accueil\",\"item\":\"https:\\\/\\\/www.sorac.fr\\\/\"},{\"@type\":\"ListItem\",\"position\":2,\"name\":\"SORAC\"}]},{\"@type\":\"WebSite\",\"@id\":\"https:\\\/\\\/www.sorac.fr\\\/#website\",\"url\":\"https:\\\/\\\/www.sorac.fr\\\/\",\"name\":\"SORAC\",\"description\":\"Soci\u00e9t\u00e9 Ovilloise de Recherches et d&#039;Applications Commerciales\",\"potentialAction\":[{\"@type\":\"SearchAction\",\"target\":{\"@type\":\"EntryPoint\",\"urlTemplate\":\"https:\\\/\\\/www.sorac.fr\\\/?s={search_term_string}\"},\"query-input\":{\"@type\":\"PropertyValueSpecification\",\"valueRequired\":true,\"valueName\":\"search_term_string\"}}],\"inLanguage\":\"en-GB\"}]}<\/script>\n<!-- \/ Yoast SEO plugin. -->","yoast_head_json":{"title":"SORAC : Soci\u00e9t\u00e9 Ovilloise de Recherches et d\u2019Application Commerciales","description":"SORAC : Soci\u00e9t\u00e9 Ovilloise de Recherches et d'Application Commerciales. Distributeur de produits et additifs dans l'industrie du ...","robots":{"index":"index","follow":"follow","max-snippet":"max-snippet:-1","max-image-preview":"max-image-preview:large","max-video-preview":"max-video-preview:-1","archive":"noarchive"},"canonical":"https:\/\/www.sorac.fr\/en\/","og_locale":"en_GB","og_type":"article","og_title":"SORAC : Soci\u00e9t\u00e9 Ovilloise de Recherches et d\u2019Application Commerciales","og_description":"SORAC : Soci\u00e9t\u00e9 Ovilloise de Recherches et d'Application Commerciales. Distributeur de produits et additifs dans l'industrie du ...","og_url":"https:\/\/www.sorac.fr\/en\/","og_site_name":"SORAC","article_modified_time":"2021-05-13T10:11:39+00:00","og_image":[{"width":1180,"height":455,"url":"https:\/\/www.sorac.fr\/wp-content\/uploads\/2021\/05\/LOGO-SORAC-72.png","type":"image\/png"}],"twitter_card":"summary_large_image","twitter_misc":{"Estimated reading time":"4 minutes"},"schema":{"@context":"https:\/\/schema.org","@graph":[{"@type":"WebPage","@id":"https:\/\/www.sorac.fr\/","url":"https:\/\/www.sorac.fr\/","name":"SORAC : Soci\u00e9t\u00e9 Ovilloise de Recherches et d\u2019Application Commerciales","isPartOf":{"@id":"https:\/\/www.sorac.fr\/#website"},"primaryImageOfPage":{"@id":"https:\/\/www.sorac.fr\/#primaryimage"},"image":{"@id":"https:\/\/www.sorac.fr\/#primaryimage"},"thumbnailUrl":"https:\/\/www.sorac.fr\/wp-content\/uploads\/2021\/05\/LOGO-SORAC-72.png","datePublished":"2018-08-31T15:56:25+00:00","dateModified":"2021-05-13T10:11:39+00:00","description":"SORAC : Soci\u00e9t\u00e9 Ovilloise de Recherches et d'Application Commerciales. Distributeur de produits et additifs dans l'industrie du ...","breadcrumb":{"@id":"https:\/\/www.sorac.fr\/#breadcrumb"},"inLanguage":"en-GB","potentialAction":[{"@type":"ReadAction","target":["https:\/\/www.sorac.fr\/"]}]},{"@type":"ImageObject","inLanguage":"en-GB","@id":"https:\/\/www.sorac.fr\/#primaryimage","url":"https:\/\/www.sorac.fr\/wp-content\/uploads\/2021\/05\/LOGO-SORAC-72.png","contentUrl":"https:\/\/www.sorac.fr\/wp-content\/uploads\/2021\/05\/LOGO-SORAC-72.png","width":1180,"height":455,"caption":"sorac"},{"@type":"BreadcrumbList","@id":"https:\/\/www.sorac.fr\/#breadcrumb","itemListElement":[{"@type":"ListItem","position":1,"name":"Accueil","item":"https:\/\/www.sorac.fr\/"},{"@type":"ListItem","position":2,"name":"SORAC"}]},{"@type":"WebSite","@id":"https:\/\/www.sorac.fr\/#website","url":"https:\/\/www.sorac.fr\/","name":"SORAC","description":"Soci\u00e9t\u00e9 Ovilloise de Recherches et d&#039;Applications Commerciales","potentialAction":[{"@type":"SearchAction","target":{"@type":"EntryPoint","urlTemplate":"https:\/\/www.sorac.fr\/?s={search_term_string}"},"query-input":{"@type":"PropertyValueSpecification","valueRequired":true,"valueName":"search_term_string"}}],"inLanguage":"en-GB"}]}},"_links":{"self":[{"href":"https:\/\/www.sorac.fr\/en\/wp-json\/wp\/v2\/pages\/22","targetHints":{"allow":["GET"]}}],"collection":[{"href":"https:\/\/www.sorac.fr\/en\/wp-json\/wp\/v2\/pages"}],"about":[{"href":"https:\/\/www.sorac.fr\/en\/wp-json\/wp\/v2\/types\/page"}],"author":[{"embeddable":true,"href":"https:\/\/www.sorac.fr\/en\/wp-json\/wp\/v2\/users\/1"}],"replies":[{"embeddable":true,"href":"https:\/\/www.sorac.fr\/en\/wp-json\/wp\/v2\/comments?post=22"}],"version-history":[{"count":92,"href":"https:\/\/www.sorac.fr\/en\/wp-json\/wp\/v2\/pages\/22\/revisions"}],"predecessor-version":[{"id":996,"href":"https:\/\/www.sorac.fr\/en\/wp-json\/wp\/v2\/pages\/22\/revisions\/996"}],"wp:featuredmedia":[{"embeddable":true,"href":"https:\/\/www.sorac.fr\/en\/wp-json\/wp\/v2\/media\/1141"}],"wp:attachment":[{"href":"https:\/\/www.sorac.fr\/en\/wp-json\/wp\/v2\/media?parent=22"}],"curies":[{"name":"wp","href":"https:\/\/api.w.org\/{rel}","templated":true}]}}