{"id":147,"date":"2018-08-30T17:04:56","date_gmt":"2018-08-30T15:04:56","guid":{"rendered":"http:\/\/www.sorac.fr\/?page_id=147"},"modified":"2020-10-13T17:09:57","modified_gmt":"2020-10-13T15:09:57","slug":"a-propos","status":"publish","type":"page","link":"https:\/\/www.sorac.fr\/en\/a-propos\/","title":{"rendered":"About us"},"content":{"rendered":"<p>[vc_row][vc_column width=\u00a0\u00bb1\/2&Prime;][vc_single_image image=\u00a0\u00bb151&Prime; img_size=\u00a0\u00bb400&#215;600&Prime; alignment=\u00a0\u00bbright\u00a0\u00bb][\/vc_column][vc_column width=\u00a0\u00bb1\/2&Prime;][vc_empty_space][vc_empty_space][vc_empty_space][vc_column_text]<\/p>\n<h1 style=\"text-align: right;\"><span style=\"color: #dabe50;\">\u00c0 propos<\/span><\/h1>\n<h2 style=\"text-align: right;\"><strong>QUI SOMMMES-NOUS ?<\/strong><\/h2>\n<p>[\/vc_column_text][vc_separator color=\u00a0\u00bbcustom\u00a0\u00bb align=\u00a0\u00bbalign_right\u00a0\u00bb border_width=\u00a0\u00bb4&Prime; el_width=\u00a0\u00bb10&Prime; accent_color=\u00a0\u00bb#e0bd33&Prime;][vc_empty_space][vc_column_text css=\u00a0\u00bb.vc_custom_1592997043110{margin-left: -100px !important;border-left-width: -100px !important;padding-top: 70px !important;padding-right: 70px !important;padding-bottom: 70px !important;padding-left: 70px !important;background-color: #e0bd33 !important;}\u00a0\u00bb]<\/p>\n<p style=\"text-align: justify;\"><span style=\"color: #ffffff;\">La soci\u00e9t\u00e9 <strong>S.O.R.A.C.<\/strong> : <span class=\"st\"><strong>S<\/strong>oci\u00e9t\u00e9 <strong>O<\/strong>villoise de<strong> R<\/strong>echerches et d&rsquo;<strong>A<\/strong>pplication <strong>C<\/strong>ommerciales<\/span> a une activit\u00e9 de repr\u00e9sentation commerciale et de distribution de produits chimiques sp\u00e9ciaux, fabriqu\u00e9s pour la plupart dans des pays de l\u2019U.E., mais \u00e9galement en Asie.<\/span><\/p>\n<p style=\"text-align: justify;\"><span style=\"color: #ffffff;\">Ces produits sont principalement destin\u00e9s aux industries des plastiques, des caoutchoucs, des adh\u00e9sifs, ainsi qu\u2019\u00e0 des applications diverses, dont la filtration, la d\u00e9coupe du bois et le fumage dans le domaine alimentaires.<\/span><\/p>\n<p>&nbsp;<\/p>\n<p>[vc_btn title=\u00a0\u00bbContactez-nous\u00a0\u00bb color=\u00a0\u00bbwhite\u00a0\u00bb align=\u00a0\u00bbcenter\u00a0\u00bb css_animation=\u00a0\u00bbfadeInDownBig\u00a0\u00bb link=\u00a0\u00bburl:http%3A%2F%2Fwww.sorac.fr%2Fcontact-sorac%2F||target:%20_blank|\u00a0\u00bb][\/vc_column_text][\/vc_column][\/vc_row][vc_row][vc_column][vc_empty_space][vc_empty_space][\/vc_column][\/vc_row][vc_row][vc_column][vc_empty_space][\/vc_column][\/vc_row][vc_row][vc_column width=\u00a0\u00bb1\/3&Prime; css=\u00a0\u00bb.vc_custom_1535640718116{background-color: #e0bd33 !important;}\u00a0\u00bb][vc_empty_space][vc_empty_space][vc_column_text]<\/p>\n<h4 style=\"text-align: right;\"><span style=\"color: #ffffff;\">Pour la petite <\/span><\/h4>\n<h3 style=\"text-align: right;\"><span style=\"color: #ffffff;\">HISTOIRE\u00a0<\/span><\/h3>\n<p>[\/vc_column_text][vc_separator color=\u00a0\u00bbwhite\u00a0\u00bb align=\u00a0\u00bbalign_right\u00a0\u00bb border_width=\u00a0\u00bb4&Prime; el_width=\u00a0\u00bb20&Prime;][vc_column_text]<\/p>\n<p style=\"text-align: justify;\"><span style=\"color: #ffffff;\">La soci\u00e9t\u00e9 <strong>S.O.R.A.C.<\/strong> a \u00e9t\u00e9 cr\u00e9\u00e9e par <strong>Monsieur Hoffmann Christian<\/strong>, en f\u00e9vrier 1989.<\/span><\/p>\n<p style=\"text-align: justify;\"><span style=\"color: #ffffff;\"><br \/>\nLa raison sociale S.O.R.A.C. est un clin d\u2019\u0153il \u00e0 la fois \u00e0 son lieu de naissance et \u00e0 un pass\u00e9 familial encore proche, puisqu\u2019elle fut cr\u00e9\u00e9e \u00e0 Houilles, dont les habitants sont les Ovillois, comme la Soci\u00e9t\u00e9 Ovilloise de Recherches et Analyses Chimiques, propri\u00e9t\u00e9 de la famille dans les ann\u00e9es 50.<\/span><\/p>\n<p>[\/vc_column_text][vc_empty_space][vc_empty_space][\/vc_column][vc_column width=\u00a0\u00bb1\/3&Prime; css=\u00a0\u00bb.vc_custom_1535641396480{margin-left: 20px !important;border-left-width: 20px !important;padding-top: 30px !important;padding-left: 20px !important;}\u00a0\u00bb][vc_empty_space][vc_empty_space][vc_single_image image=\u00a0\u00bb290&Prime; alignment=\u00a0\u00bbcenter\u00a0\u00bb style=\u00a0\u00bbvc_box_circle\u00a0\u00bb][vc_empty_space][vc_empty_space][vc_single_image image=\u00a0\u00bb199&Prime; alignment=\u00a0\u00bbcenter\u00a0\u00bb style=\u00a0\u00bbvc_box_circle\u00a0\u00bb][vc_empty_space][\/vc_column][vc_column width=\u00a0\u00bb1\/3&Prime;][vc_empty_space][vc_empty_space][vc_empty_space][vc_column_text]<\/p>\n<p style=\"text-align: left;\"><strong><span style=\"color: #333333;\">Division\u00a0Bois et D\u00e9riv\u00e9s<\/span><\/strong><br \/>\n<strong><em style=\"color: #333333;\">Industries\u00a0<\/em><span style=\"color: #333333;\"><span style=\"caret-color: #333333;\"><i>alimentaires<\/i><\/span><\/span><\/strong><\/p>\n<p style=\"text-align: left;\">Fibres de cellulose<br \/>\nAgents de filtration<br \/>\nFarines de bois<br \/>\nAbsorbants<\/p>\n<p>[\/vc_column_text][vc_empty_space][vc_column_text]<\/p>\n<p style=\"text-align: left;\"><span style=\"color: #333333;\"><strong>Division Caoutchouc<br \/>\n<\/strong><strong><em>Caoutchouc, plastiques et Rotomoulage\u00a0<\/em><\/strong><br \/>\n<\/span><\/p>\n<p style=\"text-align: left;\"><span style=\"color: #333333;\">Plastifiants, agents de mise en \u0153uvre, activateurs et co-agents p\u00e9roxydes, silanes, Anti-collants, dessicants, Agents gonflants, Anti oxydants, Anti U.V.<br \/>\n<\/span>Agent de vulcanisation pour \u00e9lastom\u00e8res tr\u00e8s sp\u00e9ciaux.<br \/>\nCharges v\u00e9g\u00e9tales : poudre de bois et fibres de cellulose<br \/>\n<span style=\"color: #333333;\">Agents d\u00e9moulants.<\/span><\/p>\n<p>[\/vc_column_text][vc_empty_space][vc_empty_space][\/vc_column][\/vc_row][vc_row][vc_column width=\u00a0\u00bb1\/2&Prime;][vc_empty_space][vc_empty_space][vc_column_text]<\/p>\n<p style=\"text-align: right;\"><span style=\"color: #333333;\"><strong>Division Mastics, Lubrifiants, Adh\u00e9sifs<\/strong><br \/>\n<strong><em>Industries du b\u00e2timent et\u00a0automobile<\/em><\/strong><br \/>\n<\/span><\/p>\n<p style=\"text-align: right;\"><span style=\"color: #333333;\">Lubrifiants industriels<br \/>\n<\/span><span style=\"color: #333333;\">Durcisseurs<br \/>\nAgents gonflants<br \/>\n<\/span><span style=\"color: #333333;\">Dessicants, Anti-collants<br \/>\n<\/span>Anti-Oxydants, Anti-UV,<\/p>\n<p>[\/vc_column_text][\/vc_column][vc_column width=\u00a0\u00bb1\/2&Prime;][vc_empty_space][vc_empty_space][vc_single_image image=\u00a0\u00bb166&Prime; style=\u00a0\u00bbvc_box_circle\u00a0\u00bb][\/vc_column][\/vc_row][vc_row][vc_column][vc_empty_space][\/vc_column][\/vc_row][vc_row][vc_column width=\u00a0\u00bb1\/2&Prime;][vc_single_image image=\u00a0\u00bb190&Prime; alignment=\u00a0\u00bbright\u00a0\u00bb style=\u00a0\u00bbvc_box_circle_2&Prime;][\/vc_column][vc_column width=\u00a0\u00bb1\/2&Prime;][vc_column_text]<\/p>\n<p style=\"text-align: left;\"><span style=\"color: #333333;\"><strong>Division Lubrifiants pour le bois<\/strong><br \/>\n<strong><em>Scieries, 2nde transformations, exploitations foresti\u00e8res, bucherons, paysagiste, particuliers&#8230;<\/em><\/strong><br \/>\n<\/span><\/p>\n<p style=\"text-align: left;\"><span style=\"color: #333333;\">Huiles v\u00e9g\u00e9tales et biod\u00e9gradables<br \/>\nHuiles min\u00e9rales<br \/>\nHuiles de glissi\u00e8res<br \/>\nCarburants sp\u00e9ciaux pour moteurs 2 et 4 Temps<br \/>\nNettoyants<br \/>\n<\/span><\/p>\n<p>[\/vc_column_text][\/vc_column][\/vc_row]<\/p>\n","protected":false},"excerpt":{"rendered":"<p>[vc_row][vc_column width=\u00a0\u00bb1\/2&Prime;][vc_single_image image=\u00a0\u00bb151&Prime; img_size=\u00a0\u00bb400&#215;600&Prime; alignment=\u00a0\u00bbright\u00a0\u00bb][\/vc_column][vc_column width=\u00a0\u00bb1\/2&Prime;][vc_empty_space][vc_empty_space][vc_empty_space][vc_column_text] \u00c0 propos QUI SOMMMES-NOUS ? [\/vc_column_text][vc_separator color=\u00a0\u00bbcustom\u00a0\u00bb align=\u00a0\u00bbalign_right\u00a0\u00bb border_width=\u00a0\u00bb4&Prime; el_width=\u00a0\u00bb10&Prime; accent_color=\u00a0\u00bb#e0bd33&Prime;][vc_empty_space][vc_column_text css=\u00a0\u00bb.vc_custom_1592997043110{margin-left: -100px !important;border-left-width: -100px !important;padding-top: 70px !important;padding-right: 70px !important;padding-bottom: 70px !important;padding-left: 70px !important;background-color: #e0bd33 !important;}\u00a0\u00bb] La soci\u00e9t\u00e9 S.O.R.A.C. : Soci\u00e9t\u00e9 Ovilloise de Recherches et d&rsquo;Application Commerciales a une activit\u00e9 de repr\u00e9sentation commerciale et de distribution de produits chimiques&#8230;<\/p>\n","protected":false},"author":1,"featured_media":0,"parent":0,"menu_order":0,"comment_status":"closed","ping_status":"closed","template":"","meta":{"footnotes":""},"class_list":["post-147","page","type-page","status-publish","hentry"],"yoast_head":"<!-- This site is optimized with the Yoast SEO plugin v27.5 - https:\/\/yoast.com\/product\/yoast-seo-wordpress\/ -->\n<title>\u00c0 propos - Qui sommes-nous ? - SORAC<\/title>\n<meta name=\"description\" content=\"\u00c0 propos Sorac : Qui sommes nous ? La soci\u00e9t\u00e9 SORAC a une activit\u00e9 de repr\u00e9sentation commerciale et de distribution de produits chimiques ...\" \/>\n<meta name=\"robots\" content=\"index, follow, max-snippet:-1, max-image-preview:large, max-video-preview:-1\" \/>\n<link rel=\"canonical\" href=\"https:\/\/www.sorac.fr\/en\/a-propos\/\" \/>\n<meta property=\"og:locale\" content=\"en_GB\" \/>\n<meta property=\"og:type\" content=\"article\" \/>\n<meta property=\"og:title\" content=\"\u00c0 propos - Qui sommes-nous ? - SORAC\" \/>\n<meta property=\"og:description\" content=\"\u00c0 propos Sorac : Qui sommes nous ? La soci\u00e9t\u00e9 SORAC a une activit\u00e9 de repr\u00e9sentation commerciale et de distribution de produits chimiques ...\" \/>\n<meta property=\"og:url\" content=\"https:\/\/www.sorac.fr\/en\/a-propos\/\" \/>\n<meta property=\"og:site_name\" content=\"SORAC\" \/>\n<meta property=\"article:modified_time\" content=\"2020-10-13T15:09:57+00:00\" \/>\n<meta name=\"twitter:card\" content=\"summary_large_image\" \/>\n<meta name=\"twitter:label1\" content=\"Estimated reading time\" \/>\n\t<meta name=\"twitter:data1\" content=\"3 minutes\" \/>\n<script type=\"application\/ld+json\" class=\"yoast-schema-graph\">{\"@context\":\"https:\\\/\\\/schema.org\",\"@graph\":[{\"@type\":\"WebPage\",\"@id\":\"https:\\\/\\\/www.sorac.fr\\\/en\\\/a-propos\\\/\",\"url\":\"https:\\\/\\\/www.sorac.fr\\\/en\\\/a-propos\\\/\",\"name\":\"\u00c0 propos - Qui sommes-nous ? - SORAC\",\"isPartOf\":{\"@id\":\"https:\\\/\\\/www.sorac.fr\\\/#website\"},\"datePublished\":\"2018-08-30T15:04:56+00:00\",\"dateModified\":\"2020-10-13T15:09:57+00:00\",\"description\":\"\u00c0 propos Sorac : Qui sommes nous ? La soci\u00e9t\u00e9 SORAC a une activit\u00e9 de repr\u00e9sentation commerciale et de distribution de produits chimiques ...\",\"breadcrumb\":{\"@id\":\"https:\\\/\\\/www.sorac.fr\\\/en\\\/a-propos\\\/#breadcrumb\"},\"inLanguage\":\"en-GB\",\"potentialAction\":[{\"@type\":\"ReadAction\",\"target\":[\"https:\\\/\\\/www.sorac.fr\\\/en\\\/a-propos\\\/\"]}]},{\"@type\":\"BreadcrumbList\",\"@id\":\"https:\\\/\\\/www.sorac.fr\\\/en\\\/a-propos\\\/#breadcrumb\",\"itemListElement\":[{\"@type\":\"ListItem\",\"position\":1,\"name\":\"Accueil\",\"item\":\"https:\\\/\\\/www.sorac.fr\\\/\"},{\"@type\":\"ListItem\",\"position\":2,\"name\":\"\u00c0 propos\"}]},{\"@type\":\"WebSite\",\"@id\":\"https:\\\/\\\/www.sorac.fr\\\/#website\",\"url\":\"https:\\\/\\\/www.sorac.fr\\\/\",\"name\":\"SORAC\",\"description\":\"Soci\u00e9t\u00e9 Ovilloise de Recherches et d&#039;Applications Commerciales\",\"potentialAction\":[{\"@type\":\"SearchAction\",\"target\":{\"@type\":\"EntryPoint\",\"urlTemplate\":\"https:\\\/\\\/www.sorac.fr\\\/?s={search_term_string}\"},\"query-input\":{\"@type\":\"PropertyValueSpecification\",\"valueRequired\":true,\"valueName\":\"search_term_string\"}}],\"inLanguage\":\"en-GB\"}]}<\/script>\n<!-- \/ Yoast SEO plugin. -->","yoast_head_json":{"title":"\u00c0 propos - Qui sommes-nous ? - SORAC","description":"\u00c0 propos Sorac : Qui sommes nous ? La soci\u00e9t\u00e9 SORAC a une activit\u00e9 de repr\u00e9sentation commerciale et de distribution de produits chimiques ...","robots":{"index":"index","follow":"follow","max-snippet":"max-snippet:-1","max-image-preview":"max-image-preview:large","max-video-preview":"max-video-preview:-1"},"canonical":"https:\/\/www.sorac.fr\/en\/a-propos\/","og_locale":"en_GB","og_type":"article","og_title":"\u00c0 propos - Qui sommes-nous ? - SORAC","og_description":"\u00c0 propos Sorac : Qui sommes nous ? La soci\u00e9t\u00e9 SORAC a une activit\u00e9 de repr\u00e9sentation commerciale et de distribution de produits chimiques ...","og_url":"https:\/\/www.sorac.fr\/en\/a-propos\/","og_site_name":"SORAC","article_modified_time":"2020-10-13T15:09:57+00:00","twitter_card":"summary_large_image","twitter_misc":{"Estimated reading time":"3 minutes"},"schema":{"@context":"https:\/\/schema.org","@graph":[{"@type":"WebPage","@id":"https:\/\/www.sorac.fr\/en\/a-propos\/","url":"https:\/\/www.sorac.fr\/en\/a-propos\/","name":"\u00c0 propos - Qui sommes-nous ? - SORAC","isPartOf":{"@id":"https:\/\/www.sorac.fr\/#website"},"datePublished":"2018-08-30T15:04:56+00:00","dateModified":"2020-10-13T15:09:57+00:00","description":"\u00c0 propos Sorac : Qui sommes nous ? La soci\u00e9t\u00e9 SORAC a une activit\u00e9 de repr\u00e9sentation commerciale et de distribution de produits chimiques ...","breadcrumb":{"@id":"https:\/\/www.sorac.fr\/en\/a-propos\/#breadcrumb"},"inLanguage":"en-GB","potentialAction":[{"@type":"ReadAction","target":["https:\/\/www.sorac.fr\/en\/a-propos\/"]}]},{"@type":"BreadcrumbList","@id":"https:\/\/www.sorac.fr\/en\/a-propos\/#breadcrumb","itemListElement":[{"@type":"ListItem","position":1,"name":"Accueil","item":"https:\/\/www.sorac.fr\/"},{"@type":"ListItem","position":2,"name":"\u00c0 propos"}]},{"@type":"WebSite","@id":"https:\/\/www.sorac.fr\/#website","url":"https:\/\/www.sorac.fr\/","name":"SORAC","description":"Soci\u00e9t\u00e9 Ovilloise de Recherches et d&#039;Applications Commerciales","potentialAction":[{"@type":"SearchAction","target":{"@type":"EntryPoint","urlTemplate":"https:\/\/www.sorac.fr\/?s={search_term_string}"},"query-input":{"@type":"PropertyValueSpecification","valueRequired":true,"valueName":"search_term_string"}}],"inLanguage":"en-GB"}]}},"_links":{"self":[{"href":"https:\/\/www.sorac.fr\/en\/wp-json\/wp\/v2\/pages\/147","targetHints":{"allow":["GET"]}}],"collection":[{"href":"https:\/\/www.sorac.fr\/en\/wp-json\/wp\/v2\/pages"}],"about":[{"href":"https:\/\/www.sorac.fr\/en\/wp-json\/wp\/v2\/types\/page"}],"author":[{"embeddable":true,"href":"https:\/\/www.sorac.fr\/en\/wp-json\/wp\/v2\/users\/1"}],"replies":[{"embeddable":true,"href":"https:\/\/www.sorac.fr\/en\/wp-json\/wp\/v2\/comments?post=147"}],"version-history":[{"count":91,"href":"https:\/\/www.sorac.fr\/en\/wp-json\/wp\/v2\/pages\/147\/revisions"}],"predecessor-version":[{"id":225,"href":"https:\/\/www.sorac.fr\/en\/wp-json\/wp\/v2\/pages\/147\/revisions\/225"}],"wp:attachment":[{"href":"https:\/\/www.sorac.fr\/en\/wp-json\/wp\/v2\/media?parent=147"}],"curies":[{"name":"wp","href":"https:\/\/api.w.org\/{rel}","templated":true}]}}